{"id":2205,"date":"2023-08-23T09:21:11","date_gmt":"2023-08-23T09:21:11","guid":{"rendered":"https:\/\/ek.com.tr\/kucukcekmece-reklam-ajansi\/"},"modified":"2023-08-29T05:56:41","modified_gmt":"2023-08-29T05:56:41","slug":"kucukcekmece-advertising-agency","status":"publish","type":"page","link":"https:\/\/ek.com.tr\/en\/kucukcekmece-advertising-agency\/","title":{"rendered":"Kucukcekmece Advertising Agency"},"content":{"rendered":"<p><span class=\"card-icon\"><\/span><\/p>\n<h5 class=\"card-title\">Fancy Heading<\/h5>\n<p class=\"card-subtitle mfn-item-label\">Kucukcekmece Advertising Agency<\/p>\n<p><img decoding=\"async\" class=\"item-preview-image\" src=\"\" \/><\/p>\n<p class=\"item-preview-title \">Kucukcekmece Advertising Agency<\/p>\n<p class=\"item-preview-subtitle empty\">\n<p>As EK Dizayn Advertising Agency, we are pleased to offer creative and effective solutions in the&#8230;<\/p>\n<p class=\"item-preview-placeholder-parent\"><span class=\"item-preview-number empty\"><\/span><\/p>\n<p class=\"item-preview-icon empty\">\n<p class=\"item-preview-category-parent empty\"><span class=\"label\">Category:<\/span><span class=\"item-preview-category\"><\/span><\/p>\n<ul class=\"item-preview-tabs empty\"><\/ul>\n<ul class=\"item-preview-images empty\"><\/ul>\n<p><span class=\"card-icon\"><\/span><\/p>\n<h5 class=\"card-title\">Image<\/h5>\n<p class=\"card-subtitle mfn-item-label\">\n<p><img decoding=\"async\" class=\"item-preview-image\" src=\"https:\/\/ek.com.tr\/wp-content\/uploads\/kucukcekmece-reklam-ajansi.jpg#2184\" \/><\/p>\n<p class=\"item-preview-title empty\">\n<p class=\"item-preview-subtitle empty\">\n<p class=\"item-preview-placeholder-parent\"><span class=\"item-preview-number empty\"><\/span><\/p>\n<p class=\"item-preview-icon empty\">\n<p class=\"item-preview-category-parent empty\"><span class=\"label\">Category:<\/span><span class=\"item-preview-category\"><\/span><\/p>\n<ul class=\"item-preview-tabs empty\"><\/ul>\n<ul class=\"item-preview-images empty\"><\/ul>\n<p><span class=\"card-icon\"><\/span><\/p>\n<h5 class=\"card-title\">Column Text<\/h5>\n<p class=\"card-subtitle mfn-item-label\">\n<p><img decoding=\"async\" class=\"item-preview-image\" src=\"\" \/><\/p>\n<p class=\"item-preview-title empty\">\n<p class=\"item-preview-subtitle empty\">\n<p><strong>EK Dizayn Advertising Agency: Creative Solution Partner of K\u00fc\u00e7\u00fck\u00e7ekmece<\/strong><\/p>\n<p>As <strong>EK Dizayn Advertising Agency,<\/strong> we are pleased to offer creative and effective solutions in the <strong>K\u00fc\u00e7\u00fck\u00e7ekmece<\/strong> region, where we serve with pride and excitement. With our experience and expertise, we are here to tell your business story in the most impressive ways.<\/p>\n<p>As part of <strong>K\u00fc\u00e7\u00fck\u00e7ekmece&#8217;s<\/strong> dynamic and growing business environment, we understand the needs of local businesses and brands. Our goal is to use the power of visual communication to create designs and advertising campaigns that will highlight your brand and support you in the best way possible.<\/p>\n<p class=\"item-preview-placeholder-parent\"><span class=\"item-preview-number empty\"><\/span><\/p>\n<p class=\"item-preview-icon empty\">\n<p class=\"item-preview-category-parent empty\"><span class=\"label\">Category:<\/span><span class=\"item-preview-category\"><\/span><\/p>\n<ul class=\"item-preview-tabs empty\"><\/ul>\n<ul class=\"item-preview-images empty\"><\/ul>\n<p><span class=\"card-icon\"><\/span><\/p>\n<h5 class=\"card-title\">Column Text<\/h5>\n<p class=\"card-subtitle mfn-item-label\">\n<p><img decoding=\"async\" class=\"item-preview-image\" src=\"\" \/><\/p>\n<p class=\"item-preview-title empty\">\n<p class=\"item-preview-subtitle empty\">\n<p>Our team consists of experienced professionals in creative design, digital marketing and strategic communication. While creating customized solutions for your needs, we aim to impress your target audience with memorable and effective messages that reflect your brand&#8217;s personality.<\/p>\n<p>Our services include<strong> logo design<\/strong>, corporate identity creation, web design and development, digital marketing strategies, advertising campaigns and more. With our unique approach to each project, we offer solutions that will make your brand stand out.<\/p>\n<p>As <strong>EK Dizayn Advertising Agency<\/strong>, we are happy to contribute to the growth of businesses in <strong>Kucukcekmece<\/strong>. If you want to bring your business to a wider audience, strengthen your brand and create an impressive visual identity, we are at your side.<\/p>\n<p>Contact us, let&#8217;s discover the potential of your business together.<\/p>\n<p><strong>EK Dizayn Advertising Agency<\/strong><\/p>\n<p class=\"item-preview-placeholder-parent\"><span class=\"item-preview-number empty\"><\/span><\/p>\n<p class=\"item-preview-icon empty\">\n<p class=\"item-preview-category-parent empty\"><span class=\"label\">Category:<\/span><span class=\"item-preview-category\"><\/span><\/p>\n<ul class=\"item-preview-tabs empty\"><\/ul>\n<ul class=\"item-preview-images empty\"><\/ul>\n<p><span class=\"card-icon\"><\/span><\/p>\n<h5 class=\"card-title\">Fancy Heading<\/h5>\n<p class=\"card-subtitle mfn-item-label\">Kucukcekmece Advertising Agency<\/p>\n<p><img decoding=\"async\" class=\"item-preview-image\" src=\"\" \/><\/p>\n<p class=\"item-preview-title \">Kucukcekmece Advertising Agency<\/p>\n<p class=\"item-preview-subtitle empty\">\n<p>As EK Dizayn Advertising Agency, we are pleased to offer creative and effective solutions in the&#8230;<\/p>\n<p class=\"item-preview-placeholder-parent\"><span class=\"item-preview-number empty\"><\/span><\/p>\n<p class=\"item-preview-icon empty\">\n<p class=\"item-preview-category-parent empty\"><span class=\"label\">Category:<\/span><span class=\"item-preview-category\"><\/span><\/p>\n<ul class=\"item-preview-tabs empty\"><\/ul>\n<ul class=\"item-preview-images empty\"><\/ul>\n<p><span class=\"card-icon\"><\/span><\/p>\n<h5 class=\"card-title\">Image<\/h5>\n<p class=\"card-subtitle mfn-item-label\">\n<p><img decoding=\"async\" class=\"item-preview-image\" src=\"https:\/\/ek.com.tr\/wp-content\/uploads\/kucukcekmece-reklam-ajansi.jpg#2184\" \/><\/p>\n<p class=\"item-preview-title empty\">\n<p class=\"item-preview-subtitle empty\">\n<p class=\"item-preview-placeholder-parent\"><span class=\"item-preview-number empty\"><\/span><\/p>\n<p class=\"item-preview-icon empty\">\n<p class=\"item-preview-category-parent empty\"><span class=\"label\">Category:<\/span><span class=\"item-preview-category\"><\/span><\/p>\n<ul class=\"item-preview-tabs empty\"><\/ul>\n<ul class=\"item-preview-images empty\"><\/ul>\n<p><span class=\"card-icon\"><\/span><\/p>\n<h5 class=\"card-title\">Column Text<\/h5>\n<p class=\"card-subtitle mfn-item-label\">\n<p><img decoding=\"async\" class=\"item-preview-image\" src=\"\" \/><\/p>\n<p class=\"item-preview-title empty\">\n<p class=\"item-preview-subtitle empty\">\n<p><strong>EK Dizayn Advertising Agency: Creative Solution Partner of K\u00fc\u00e7\u00fck\u00e7ekmece<\/strong><\/p>\n<p>As <strong>EK Dizayn Advertising Agency,<\/strong> we are pleased to offer creative and effective solutions in the <strong>K\u00fc\u00e7\u00fck\u00e7ekmece<\/strong> region, where we serve with pride and excitement. With our experience and expertise, we are here to tell your business story in the most impressive ways.<\/p>\n<p>As part of <strong>K\u00fc\u00e7\u00fck\u00e7ekmece&#8217;s<\/strong> dynamic and growing business environment, we understand the needs of local businesses and brands. Our goal is to use the power of visual communication to create designs and advertising campaigns that will highlight your brand and support you in the best way possible.<\/p>\n<p class=\"item-preview-placeholder-parent\"><span class=\"item-preview-number empty\"><\/span><\/p>\n<p class=\"item-preview-icon empty\">\n<p class=\"item-preview-category-parent empty\"><span class=\"label\">Category:<\/span><span class=\"item-preview-category\"><\/span><\/p>\n<ul class=\"item-preview-tabs empty\"><\/ul>\n<ul class=\"item-preview-images empty\"><\/ul>\n<p><span class=\"card-icon\"><\/span><\/p>\n<h5 class=\"card-title\">Column Text<\/h5>\n<p class=\"card-subtitle mfn-item-label\">\n<p><img decoding=\"async\" class=\"item-preview-image\" src=\"\" \/><\/p>\n<p class=\"item-preview-title empty\">\n<p class=\"item-preview-subtitle empty\">\n<p>Our team consists of experienced professionals in creative design, digital marketing and strategic communication. While creating customized solutions for your needs, we aim to impress your target audience with memorable and effective messages that reflect your brand&#8217;s personality.<\/p>\n<p>Our services include<strong> logo design<\/strong>, corporate identity creation, web design and development, digital marketing strategies, advertising campaigns and more. With our unique approach to each project, we offer solutions that will make your brand stand out.<\/p>\n<p>As <strong>EK Dizayn Advertising Agency<\/strong>, we are happy to contribute to the growth of businesses in <strong>Kucukcekmece<\/strong>. If you want to bring your business to a wider audience, strengthen your brand and create an impressive visual identity, we are at your side.<\/p>\n<p>Contact us, let&#8217;s discover the potential of your business together.<\/p>\n<p><strong>EK Dizayn Advertising Agency<\/strong><\/p>\n<p class=\"item-preview-placeholder-parent\"><span class=\"item-preview-number empty\"><\/span><\/p>\n<p class=\"item-preview-icon empty\">\n<p class=\"item-preview-category-parent empty\"><span class=\"label\">Category:<\/span><span class=\"item-preview-category\"><\/span><\/p>\n<ul class=\"item-preview-tabs empty\"><\/ul>\n<ul class=\"item-preview-images empty\"><\/ul>\n","protected":false},"excerpt":{"rendered":"<p>Fancy Heading Kucukcekmece Advertising Agency Kucukcekmece Advertising Agency As EK Dizayn Advertising Agency, we are pleased to offer creative and effective solutions in the&#8230; Category: Image<span class=\"excerpt-hellip\"> [\u2026]<\/span><\/p>\n","protected":false},"author":1,"featured_media":0,"parent":0,"menu_order":0,"comment_status":"closed","ping_status":"closed","template":"","meta":{"footnotes":""},"class_list":["post-2205","page","type-page","status-publish","hentry"],"yoast_head":"<!-- This site is optimized with the Yoast SEO Premium plugin v25.2 (Yoast SEO v26.6) - https:\/\/yoast.com\/wordpress\/plugins\/seo\/ -->\n<title>EK Dizayn | Kucukcekmece Advertising Agency<\/title>\n<meta name=\"description\" content=\"EK Dizayn Advertising Agency is located in Kucukcekmece E-5 Torkam. As Kucukcekmece Advertising Agency, we serve you.\" \/>\n<meta name=\"robots\" content=\"index, follow, max-snippet:-1, max-image-preview:large, max-video-preview:-1\" \/>\n<link rel=\"canonical\" href=\"https:\/\/ek.com.tr\/en\/kucukcekmece-advertising-agency\/\" \/>\n<meta property=\"og:locale\" content=\"en_US\" \/>\n<meta property=\"og:type\" content=\"article\" \/>\n<meta property=\"og:title\" content=\"Kucukcekmece Advertising Agency\" \/>\n<meta property=\"og:description\" content=\"EK Dizayn Advertising Agency is located in Kucukcekmece E-5 Torkam. As Kucukcekmece Advertising Agency, we serve you.\" \/>\n<meta property=\"og:url\" content=\"https:\/\/ek.com.tr\/en\/kucukcekmece-advertising-agency\/\" \/>\n<meta property=\"og:site_name\" content=\"EK Dizayn\" \/>\n<meta property=\"article:publisher\" content=\"https:\/\/www.facebook.com\/ekdizayn\/\" \/>\n<meta property=\"article:modified_time\" content=\"2023-08-29T05:56:41+00:00\" \/>\n<meta property=\"og:image\" content=\"https:\/\/ek.com.tr\/wp-content\/uploads\/kucukcekmece-reklam-ajansi.jpg#2184\" \/>\n<meta name=\"twitter:card\" content=\"summary_large_image\" \/>\n<meta name=\"twitter:label1\" content=\"Est. reading time\" \/>\n\t<meta name=\"twitter:data1\" content=\"3 minutes\" \/>\n<script type=\"application\/ld+json\" class=\"yoast-schema-graph\">{\"@context\":\"https:\/\/schema.org\",\"@graph\":[{\"@type\":\"WebPage\",\"@id\":\"https:\/\/ek.com.tr\/en\/kucukcekmece-advertising-agency\/\",\"url\":\"https:\/\/ek.com.tr\/en\/kucukcekmece-advertising-agency\/\",\"name\":\"EK Dizayn | Kucukcekmece Advertising Agency\",\"isPartOf\":{\"@id\":\"https:\/\/ek.com.tr\/#website\"},\"primaryImageOfPage\":{\"@id\":\"https:\/\/ek.com.tr\/en\/kucukcekmece-advertising-agency\/#primaryimage\"},\"image\":{\"@id\":\"https:\/\/ek.com.tr\/en\/kucukcekmece-advertising-agency\/#primaryimage\"},\"thumbnailUrl\":\"https:\/\/ek.com.tr\/wp-content\/uploads\/kucukcekmece-reklam-ajansi.jpg#2184\",\"datePublished\":\"2023-08-23T09:21:11+00:00\",\"dateModified\":\"2023-08-29T05:56:41+00:00\",\"description\":\"EK Dizayn Advertising Agency is located in Kucukcekmece E-5 Torkam. As Kucukcekmece Advertising Agency, we serve you.\",\"breadcrumb\":{\"@id\":\"https:\/\/ek.com.tr\/en\/kucukcekmece-advertising-agency\/#breadcrumb\"},\"inLanguage\":\"en-US\",\"potentialAction\":[{\"@type\":\"ReadAction\",\"target\":[\"https:\/\/ek.com.tr\/en\/kucukcekmece-advertising-agency\/\"]}]},{\"@type\":\"ImageObject\",\"inLanguage\":\"en-US\",\"@id\":\"https:\/\/ek.com.tr\/en\/kucukcekmece-advertising-agency\/#primaryimage\",\"url\":\"https:\/\/ek.com.tr\/wp-content\/uploads\/kucukcekmece-reklam-ajansi.jpg#2184\",\"contentUrl\":\"https:\/\/ek.com.tr\/wp-content\/uploads\/kucukcekmece-reklam-ajansi.jpg#2184\"},{\"@type\":\"BreadcrumbList\",\"@id\":\"https:\/\/ek.com.tr\/en\/kucukcekmece-advertising-agency\/#breadcrumb\",\"itemListElement\":[{\"@type\":\"ListItem\",\"position\":1,\"name\":\"Ana Sayfa\",\"item\":\"https:\/\/ek.com.tr\/\"},{\"@type\":\"ListItem\",\"position\":2,\"name\":\"Kucukcekmece Advertising Agency\"}]},{\"@type\":\"WebSite\",\"@id\":\"https:\/\/ek.com.tr\/#website\",\"url\":\"https:\/\/ek.com.tr\/\",\"name\":\"EK Dizayn\",\"description\":\"\",\"publisher\":{\"@id\":\"https:\/\/ek.com.tr\/#organization\"},\"potentialAction\":[{\"@type\":\"SearchAction\",\"target\":{\"@type\":\"EntryPoint\",\"urlTemplate\":\"https:\/\/ek.com.tr\/?s={search_term_string}\"},\"query-input\":{\"@type\":\"PropertyValueSpecification\",\"valueRequired\":true,\"valueName\":\"search_term_string\"}}],\"inLanguage\":\"en-US\"},{\"@type\":\"Organization\",\"@id\":\"https:\/\/ek.com.tr\/#organization\",\"name\":\"Ek Dizayn\",\"url\":\"https:\/\/ek.com.tr\/\",\"logo\":{\"@type\":\"ImageObject\",\"inLanguage\":\"en-US\",\"@id\":\"https:\/\/ek.com.tr\/#\/schema\/logo\/image\/\",\"url\":\"https:\/\/ek.com.tr\/wp-content\/uploads\/ek-dizayn-reklam-ajansi-retina-logo.png\",\"contentUrl\":\"https:\/\/ek.com.tr\/wp-content\/uploads\/ek-dizayn-reklam-ajansi-retina-logo.png\",\"width\":512,\"height\":662,\"caption\":\"Ek Dizayn\"},\"image\":{\"@id\":\"https:\/\/ek.com.tr\/#\/schema\/logo\/image\/\"},\"sameAs\":[\"https:\/\/www.facebook.com\/ekdizayn\/\",\"https:\/\/www.instagram.com\/ekdizayn\/\",\"https:\/\/www.youtube.com\/channel\/UCn6O5hdt59FxblKmjjqeMFQ\"]}]}<\/script>\n<!-- \/ Yoast SEO Premium plugin. -->","yoast_head_json":{"title":"EK Dizayn | Kucukcekmece Advertising Agency","description":"EK Dizayn Advertising Agency is located in Kucukcekmece E-5 Torkam. As Kucukcekmece Advertising Agency, we serve you.","robots":{"index":"index","follow":"follow","max-snippet":"max-snippet:-1","max-image-preview":"max-image-preview:large","max-video-preview":"max-video-preview:-1"},"canonical":"https:\/\/ek.com.tr\/en\/kucukcekmece-advertising-agency\/","og_locale":"en_US","og_type":"article","og_title":"Kucukcekmece Advertising Agency","og_description":"EK Dizayn Advertising Agency is located in Kucukcekmece E-5 Torkam. As Kucukcekmece Advertising Agency, we serve you.","og_url":"https:\/\/ek.com.tr\/en\/kucukcekmece-advertising-agency\/","og_site_name":"EK Dizayn","article_publisher":"https:\/\/www.facebook.com\/ekdizayn\/","article_modified_time":"2023-08-29T05:56:41+00:00","og_image":[{"url":"https:\/\/ek.com.tr\/wp-content\/uploads\/kucukcekmece-reklam-ajansi.jpg#2184","type":"","width":"","height":""}],"twitter_card":"summary_large_image","twitter_misc":{"Est. reading time":"3 minutes"},"schema":{"@context":"https:\/\/schema.org","@graph":[{"@type":"WebPage","@id":"https:\/\/ek.com.tr\/en\/kucukcekmece-advertising-agency\/","url":"https:\/\/ek.com.tr\/en\/kucukcekmece-advertising-agency\/","name":"EK Dizayn | Kucukcekmece Advertising Agency","isPartOf":{"@id":"https:\/\/ek.com.tr\/#website"},"primaryImageOfPage":{"@id":"https:\/\/ek.com.tr\/en\/kucukcekmece-advertising-agency\/#primaryimage"},"image":{"@id":"https:\/\/ek.com.tr\/en\/kucukcekmece-advertising-agency\/#primaryimage"},"thumbnailUrl":"https:\/\/ek.com.tr\/wp-content\/uploads\/kucukcekmece-reklam-ajansi.jpg#2184","datePublished":"2023-08-23T09:21:11+00:00","dateModified":"2023-08-29T05:56:41+00:00","description":"EK Dizayn Advertising Agency is located in Kucukcekmece E-5 Torkam. As Kucukcekmece Advertising Agency, we serve you.","breadcrumb":{"@id":"https:\/\/ek.com.tr\/en\/kucukcekmece-advertising-agency\/#breadcrumb"},"inLanguage":"en-US","potentialAction":[{"@type":"ReadAction","target":["https:\/\/ek.com.tr\/en\/kucukcekmece-advertising-agency\/"]}]},{"@type":"ImageObject","inLanguage":"en-US","@id":"https:\/\/ek.com.tr\/en\/kucukcekmece-advertising-agency\/#primaryimage","url":"https:\/\/ek.com.tr\/wp-content\/uploads\/kucukcekmece-reklam-ajansi.jpg#2184","contentUrl":"https:\/\/ek.com.tr\/wp-content\/uploads\/kucukcekmece-reklam-ajansi.jpg#2184"},{"@type":"BreadcrumbList","@id":"https:\/\/ek.com.tr\/en\/kucukcekmece-advertising-agency\/#breadcrumb","itemListElement":[{"@type":"ListItem","position":1,"name":"Ana Sayfa","item":"https:\/\/ek.com.tr\/"},{"@type":"ListItem","position":2,"name":"Kucukcekmece Advertising Agency"}]},{"@type":"WebSite","@id":"https:\/\/ek.com.tr\/#website","url":"https:\/\/ek.com.tr\/","name":"EK Dizayn","description":"","publisher":{"@id":"https:\/\/ek.com.tr\/#organization"},"potentialAction":[{"@type":"SearchAction","target":{"@type":"EntryPoint","urlTemplate":"https:\/\/ek.com.tr\/?s={search_term_string}"},"query-input":{"@type":"PropertyValueSpecification","valueRequired":true,"valueName":"search_term_string"}}],"inLanguage":"en-US"},{"@type":"Organization","@id":"https:\/\/ek.com.tr\/#organization","name":"Ek Dizayn","url":"https:\/\/ek.com.tr\/","logo":{"@type":"ImageObject","inLanguage":"en-US","@id":"https:\/\/ek.com.tr\/#\/schema\/logo\/image\/","url":"https:\/\/ek.com.tr\/wp-content\/uploads\/ek-dizayn-reklam-ajansi-retina-logo.png","contentUrl":"https:\/\/ek.com.tr\/wp-content\/uploads\/ek-dizayn-reklam-ajansi-retina-logo.png","width":512,"height":662,"caption":"Ek Dizayn"},"image":{"@id":"https:\/\/ek.com.tr\/#\/schema\/logo\/image\/"},"sameAs":["https:\/\/www.facebook.com\/ekdizayn\/","https:\/\/www.instagram.com\/ekdizayn\/","https:\/\/www.youtube.com\/channel\/UCn6O5hdt59FxblKmjjqeMFQ"]}]}},"_links":{"self":[{"href":"https:\/\/ek.com.tr\/en\/wp-json\/wp\/v2\/pages\/2205","targetHints":{"allow":["GET"]}}],"collection":[{"href":"https:\/\/ek.com.tr\/en\/wp-json\/wp\/v2\/pages"}],"about":[{"href":"https:\/\/ek.com.tr\/en\/wp-json\/wp\/v2\/types\/page"}],"author":[{"embeddable":true,"href":"https:\/\/ek.com.tr\/en\/wp-json\/wp\/v2\/users\/1"}],"replies":[{"embeddable":true,"href":"https:\/\/ek.com.tr\/en\/wp-json\/wp\/v2\/comments?post=2205"}],"version-history":[{"count":0,"href":"https:\/\/ek.com.tr\/en\/wp-json\/wp\/v2\/pages\/2205\/revisions"}],"wp:attachment":[{"href":"https:\/\/ek.com.tr\/en\/wp-json\/wp\/v2\/media?parent=2205"}],"curies":[{"name":"wp","href":"https:\/\/api.w.org\/{rel}","templated":true}]}}