{"id":1094,"date":"2022-03-16T08:29:51","date_gmt":"2022-03-16T08:29:51","guid":{"rendered":"https:\/\/ek.com.tr\/kreatif-tasarim\/"},"modified":"2022-03-17T08:17:19","modified_gmt":"2022-03-17T08:17:19","slug":"creative-design","status":"publish","type":"page","link":"https:\/\/ek.com.tr\/en\/creative-design\/","title":{"rendered":"Creative Design"},"content":{"rendered":"\n<p><\/p>\n\n\n\n<p><p>Kreatif Tasar\u0131m<br>Kreatif tasar\u0131m \u00e7\u00f6z\u00fcmlerimiz ile marka kimli\u011finizi yans\u0131tacak ve size \u00f6zel \u00e7izgiler ortaya \u00e7\u0131karacak tasar\u0131mlara kap\u0131 aralamaya ne dersiniz?\n<br>Yarat\u0131c\u0131l\u0131\u011f\u0131 \u00f6n plana \u00e7\u0131karan ve ba\u015far\u0131l\u0131 dokunu\u015flarla size de\u011fer katan EK Dizayn sayesinde \u00f6zg\u00fcnl\u00fc\u011f\u00fc yakalamak m\u00fcmk\u00fcn olacak!<br>icon<br>icon-pencil-line<br>Kreatif Tasar\u0131m<br><br><img decoding=\"async\" src=\"https:\/\/ek.com.tr\/wp-content\/uploads\/ek-reklam-ajansi-kreatif-tasarim-hizmeti.jpg\" alt=\"ek-reklam-ajansi-kreatif-tasarim-hizmeti\"><br><br>Kreatif Tasar\u0131m A\u00e7\u0131klamas\u0131<br><div class=\"mfn_heading heading_\\ align_\\\"><p class=\"title\" style=\"color:\\;\">Kreatif Tasar\u0131m \u00c7\u00f6z\u00fcmlerimiz<\/p><\/div>\n\n<br><\/p><h5>Kreatif \u00e7\u00f6z\u00fcmlerimiz ile markan\u0131z\u0131 bir ad\u0131m \u00f6teye ta\u015f\u0131y\u0131n!<\/h5>\n<br>Kreatif tasar\u0131m hizmetlerimizle sizlerden gelen talepleri en y\u00fcksek standartlarda kalite ile kar\u015f\u0131lamay\u0131 arzu ederken markan\u0131z\u0131n dikkat \u00e7ekici tasar\u0131mlara sahip olmas\u0131na \u00f6nem veriyoruz. Siz de g\u00f6rselli\u011fi ile di\u011fer markalardan ayr\u0131lan bir kimlik olu\u015fturmak istiyorsan\u0131z EK Dizayn ile harika bir maceraya at\u0131labilirsiniz. Peki, size sundu\u011fumuz \u00e7\u00f6z\u00fcmlerde neler vaat ediyoruz?<br>no-repeat;left top;;<br>auto<br><br><img decoding=\"async\" src=\"https:\/\/ek.com.tr\/wp-content\/uploads\/ek-reklam-ajansi-kreatif-logo-tasarim-hizmeti.jpg\" alt=\"ek-reklam-ajansi-kreatif-logo-tasarim-hizmeti\"><br>Logo Tasar\u0131m\u0131<br>Bir markan\u0131n alamet-i farikas\u0131 olarak da bilinen logolar\u0131n ak\u0131lda kal\u0131c\u0131, \u00f6zg\u00fcn, sade ve kusursuz bir \u015fekilde tasarlanmas\u0131 sayesinde siz de markan\u0131z\u0131n dikkat \u00e7ekmesini sa\u011flay\u0131n. Markan\u0131z i\u00e7in ihtiya\u00e7 duydu\u011funuz logoyu ya da akl\u0131n\u0131zda bulunan tasar\u0131m\u0131 bize anlat\u0131n biz de o tasar\u0131ma en uygun \u00e7\u00f6z\u00fcmlerle sizlere destek olal\u0131m.\n<br>\n<br>Logonuzu tasarlarken \u00f6zg\u00fcnl\u00fc\u011f\u00fc yakalamak ad\u0131na b\u00fcy\u00fck \u00e7aba sarf ediyoruz. EK Dizayn\u2019\u0131n yenilik\u00e7i ve farkl\u0131l\u0131k yaratan anlay\u0131\u015flar\u0131 \u00e7er\u00e7evesinde size \u00f6zel bir tasar\u0131ma imza at\u0131yoruz.\n<br><a class=\"button \\ button_\\ button_full_width button_size_\\ button_\\\" href=\"\"     style=\"color:\\;\" target=\"_blank\"  download=\"\\\" onclick=\"Restricted for security reasons. Please use BeBuilder Button element as site administrator.\" title=\"\"><span class=\"button_icon\"><i class=\"\\\"  style=\"color:\\!important;\" aria-hidden=\"true\"><\/i><\/span><span class=\"button_label\">\\<\/span><\/a>\n<br>#ffffff<br><a href=\"https:\/\/ek.com.tr\/logo\/\">https:\/\/ek.com.tr\/logo\/<\/a><br><br><img decoding=\"async\" src=\"https:\/\/ek.com.tr\/wp-content\/uploads\/ek-reklam-ajansi-kreatif-kurumsal-kimlik-tasarim-hizmeti.jpg\" alt=\"ek-reklam-ajansi-kreatif-kurumsal-kimlik-tasarim-hizmeti\"><br>Kurumsal Kimlik Tasar\u0131m\u0131<br>Kurumsal kimli\u011finizin tasarlanmas\u0131nda her detay\u0131 \u00f6zenle se\u00e7erken renk kullan\u0131m\u0131, font se\u00e7imi, marka hikayesinin yans\u0131t\u0131lmas\u0131 ve di\u011fer b\u00fcy\u00fcn unsurlar\u0131 \u00f6n planda tutmay\u0131 \u00f6nemsiyoruz. \u00d6zellikle kurumsal kimli\u011fi ile t\u00fcketicileri etkilemeyi ba\u015faran bir marka olman\u0131z ad\u0131na b\u00fct\u00fcn tasar\u0131m \u00f6\u011felerinde kusursuzlu\u011fu yakalaman\u0131z\u0131 sa\u011fl\u0131yoruz. Size sadece m\u00fc\u015fterileriniz ile iyi ileti\u015fim kurmak kal\u0131yor.<br><a href=\"https:\/\/ek.com.tr\/kurumsal-kimlik\/\">https:\/\/ek.com.tr\/kurumsal-kimlik\/<\/a><br><br><img decoding=\"async\" src=\"https:\/\/ek.com.tr\/wp-content\/uploads\/ek-reklam-ajansi-kreatif-katalog-tasarim-hizmeti.jpg\" alt=\"ek-reklam-ajansi-kreatif-katalog-tasarim-hizmeti\"><br>Katalog Tasar\u0131m\u0131<br>Kreatif tasar\u0131m hizmetimizin en de\u011ferli a\u015famalar\u0131ndan bir tanesi olan katalog tasar\u0131m\u0131 ile size sundu\u011fumuz \u00e7ok \u00f6zel se\u00e7enekler sayesinde \u00fcr\u00fcnlerinizin ilgi \u00e7ekici olmas\u0131n\u0131 sa\u011flayaca\u011f\u0131n\u0131z\u0131 biliyor muydunuz? Do\u011fru \u00fcr\u00fcn yerle\u015fimi, ba\u015far\u0131l\u0131 renk se\u00e7imi ve font tercihleri ile katalo\u011funuzun herkes\u00e7e be\u011fenilmesini sa\u011fl\u0131yoruz.<br><a href=\"https:\/\/ek.com.tr\/katalog\/\">https:\/\/ek.com.tr\/katalog\/<\/a><br><br><img decoding=\"async\" src=\"https:\/\/ek.com.tr\/wp-content\/uploads\/ek-reklam-ajansi-kreatif-grafik-tasarim-hizmeti.jpg\" alt=\"ek-reklam-ajansi-kreatif-grafik-tasarim-hizmeti\"><br>Grafik Tasar\u0131m<br>Tasar\u0131m konusunda ihtiya\u00e7 duydu\u011funuz b\u00fct\u00fcn \u00e7\u00f6z\u00fcmler i\u00e7in size destek olan EK Dizayn; tasar\u0131m k\u00fclt\u00fcr\u00fc yerle\u015fmi\u015f bir ajans olman\u0131n da ayr\u0131cal\u0131\u011f\u0131 ile sizlere hizmet veriyoruz. Renkleri adeta dans ettiren ve bunu yaparken marka de\u011ferinizi y\u00fckseltecek i\u015flere imza atan \u00e7\u00f6z\u00fcmlerimiz ile siz de tasar\u0131mda kusursuzlu\u011fu elde edebileceksiniz. Kaliteli, ba\u015far\u0131l\u0131, dikkat \u00e7eken ve ad\u0131ndan s\u00f6z ettiren kreatif tasar\u0131m i\u00e7in EK Dizayn!<br><a href=\"https:\/\/ek.com.tr\/en\/grafik-tasarim\/\">https:\/\/ek.com.tr\/grafik-tasarim\/<\/a><br><br><\/p>\n","protected":false},"excerpt":{"rendered":"<p>Kreatif Tasar\u0131mKreatif tasar\u0131m \u00e7\u00f6z\u00fcmlerimiz ile marka kimli\u011finizi yans\u0131tacak ve size \u00f6zel \u00e7izgiler ortaya \u00e7\u0131karacak tasar\u0131mlara kap\u0131 aralamaya ne dersiniz? Yarat\u0131c\u0131l\u0131\u011f\u0131 \u00f6n plana \u00e7\u0131karan ve ba\u015far\u0131l\u0131 dokunu\u015flarla<span class=\"excerpt-hellip\"> [\u2026]<\/span><\/p>\n","protected":false},"author":1,"featured_media":0,"parent":0,"menu_order":0,"comment_status":"closed","ping_status":"closed","template":"","meta":{"footnotes":""},"class_list":["post-1094","page","type-page","status-publish","hentry"],"yoast_head":"<!-- This site is optimized with the Yoast SEO Premium plugin v25.2 (Yoast SEO v27.4) - https:\/\/yoast.com\/product\/yoast-seo-premium-wordpress\/ -->\n<title>EK Ajans - Kreatif Tasar\u0131m Logo, Kurumsal Kimlik, Katalog, Grafik Tasar\u0131m<\/title>\n<meta name=\"description\" content=\"Kreatif tasar\u0131m \u00e7\u00f6z\u00fcmlerimiz ile marka kimli\u011finizi yans\u0131tacak ve size \u00f6zel \u00e7izgiler ortaya \u00e7\u0131karacak tasar\u0131mlara kap\u0131 aralamaya ne dersiniz?\" \/>\n<meta name=\"robots\" content=\"index, follow, max-snippet:-1, max-image-preview:large, max-video-preview:-1\" \/>\n<link rel=\"canonical\" href=\"https:\/\/ek.com.tr\/en\/creative-design\/\" \/>\n<meta property=\"og:locale\" content=\"en_US\" \/>\n<meta property=\"og:type\" content=\"article\" \/>\n<meta property=\"og:title\" content=\"Creative Design\" \/>\n<meta property=\"og:description\" content=\"Kreatif tasar\u0131m \u00e7\u00f6z\u00fcmlerimiz ile marka kimli\u011finizi yans\u0131tacak ve size \u00f6zel \u00e7izgiler ortaya \u00e7\u0131karacak tasar\u0131mlara kap\u0131 aralamaya ne dersiniz?\" \/>\n<meta property=\"og:url\" content=\"https:\/\/ek.com.tr\/en\/creative-design\/\" \/>\n<meta property=\"og:site_name\" content=\"EK Dizayn\" \/>\n<meta property=\"article:publisher\" content=\"https:\/\/www.facebook.com\/ekdizayn\/\" \/>\n<meta property=\"article:modified_time\" content=\"2022-03-17T08:17:19+00:00\" \/>\n<meta property=\"og:image\" content=\"https:\/\/ek.com.tr\/wp-content\/uploads\/ek-reklam-ajansi-kreatif-tasarim-hizmeti.jpg\" \/>\n<meta name=\"twitter:card\" content=\"summary_large_image\" \/>\n<meta name=\"twitter:label1\" content=\"Est. reading time\" \/>\n\t<meta name=\"twitter:data1\" content=\"3 minutes\" \/>\n<script type=\"application\/ld+json\" class=\"yoast-schema-graph\">{\"@context\":\"https:\\\/\\\/schema.org\",\"@graph\":[{\"@type\":\"WebPage\",\"@id\":\"https:\\\/\\\/ek.com.tr\\\/en\\\/creative-design\\\/\",\"url\":\"https:\\\/\\\/ek.com.tr\\\/en\\\/creative-design\\\/\",\"name\":\"EK Ajans - Kreatif Tasar\u0131m Logo, Kurumsal Kimlik, Katalog, Grafik Tasar\u0131m\",\"isPartOf\":{\"@id\":\"https:\\\/\\\/ek.com.tr\\\/#website\"},\"primaryImageOfPage\":{\"@id\":\"https:\\\/\\\/ek.com.tr\\\/en\\\/creative-design\\\/#primaryimage\"},\"image\":{\"@id\":\"https:\\\/\\\/ek.com.tr\\\/en\\\/creative-design\\\/#primaryimage\"},\"thumbnailUrl\":\"https:\\\/\\\/ek.com.tr\\\/wp-content\\\/uploads\\\/ek-reklam-ajansi-kreatif-tasarim-hizmeti.jpg\",\"datePublished\":\"2022-03-16T08:29:51+00:00\",\"dateModified\":\"2022-03-17T08:17:19+00:00\",\"description\":\"Kreatif tasar\u0131m \u00e7\u00f6z\u00fcmlerimiz ile marka kimli\u011finizi yans\u0131tacak ve size \u00f6zel \u00e7izgiler ortaya \u00e7\u0131karacak tasar\u0131mlara kap\u0131 aralamaya ne dersiniz?\",\"breadcrumb\":{\"@id\":\"https:\\\/\\\/ek.com.tr\\\/en\\\/creative-design\\\/#breadcrumb\"},\"inLanguage\":\"en-US\",\"potentialAction\":[{\"@type\":\"ReadAction\",\"target\":[\"https:\\\/\\\/ek.com.tr\\\/en\\\/creative-design\\\/\"]}]},{\"@type\":\"ImageObject\",\"inLanguage\":\"en-US\",\"@id\":\"https:\\\/\\\/ek.com.tr\\\/en\\\/creative-design\\\/#primaryimage\",\"url\":\"https:\\\/\\\/ek.com.tr\\\/wp-content\\\/uploads\\\/ek-reklam-ajansi-kreatif-tasarim-hizmeti.jpg\",\"contentUrl\":\"https:\\\/\\\/ek.com.tr\\\/wp-content\\\/uploads\\\/ek-reklam-ajansi-kreatif-tasarim-hizmeti.jpg\"},{\"@type\":\"BreadcrumbList\",\"@id\":\"https:\\\/\\\/ek.com.tr\\\/en\\\/creative-design\\\/#breadcrumb\",\"itemListElement\":[{\"@type\":\"ListItem\",\"position\":1,\"name\":\"Ana Sayfa\",\"item\":\"https:\\\/\\\/ek.com.tr\\\/\"},{\"@type\":\"ListItem\",\"position\":2,\"name\":\"Creative Design\"}]},{\"@type\":\"WebSite\",\"@id\":\"https:\\\/\\\/ek.com.tr\\\/#website\",\"url\":\"https:\\\/\\\/ek.com.tr\\\/\",\"name\":\"EK Dizayn\",\"description\":\"\",\"publisher\":{\"@id\":\"https:\\\/\\\/ek.com.tr\\\/#organization\"},\"potentialAction\":[{\"@type\":\"SearchAction\",\"target\":{\"@type\":\"EntryPoint\",\"urlTemplate\":\"https:\\\/\\\/ek.com.tr\\\/?s={search_term_string}\"},\"query-input\":{\"@type\":\"PropertyValueSpecification\",\"valueRequired\":true,\"valueName\":\"search_term_string\"}}],\"inLanguage\":\"en-US\"},{\"@type\":\"Organization\",\"@id\":\"https:\\\/\\\/ek.com.tr\\\/#organization\",\"name\":\"Ek Dizayn\",\"url\":\"https:\\\/\\\/ek.com.tr\\\/\",\"logo\":{\"@type\":\"ImageObject\",\"inLanguage\":\"en-US\",\"@id\":\"https:\\\/\\\/ek.com.tr\\\/#\\\/schema\\\/logo\\\/image\\\/\",\"url\":\"https:\\\/\\\/ek.com.tr\\\/wp-content\\\/uploads\\\/ek-dizayn-reklam-ajansi-retina-logo.png\",\"contentUrl\":\"https:\\\/\\\/ek.com.tr\\\/wp-content\\\/uploads\\\/ek-dizayn-reklam-ajansi-retina-logo.png\",\"width\":512,\"height\":662,\"caption\":\"Ek Dizayn\"},\"image\":{\"@id\":\"https:\\\/\\\/ek.com.tr\\\/#\\\/schema\\\/logo\\\/image\\\/\"},\"sameAs\":[\"https:\\\/\\\/www.facebook.com\\\/ekdizayn\\\/\",\"https:\\\/\\\/www.instagram.com\\\/ekdizayn\\\/\",\"https:\\\/\\\/www.youtube.com\\\/channel\\\/UCn6O5hdt59FxblKmjjqeMFQ\"]}]}<\/script>\n<!-- \/ Yoast SEO Premium plugin. -->","yoast_head_json":{"title":"EK Ajans - Kreatif Tasar\u0131m Logo, Kurumsal Kimlik, Katalog, Grafik Tasar\u0131m","description":"Kreatif tasar\u0131m \u00e7\u00f6z\u00fcmlerimiz ile marka kimli\u011finizi yans\u0131tacak ve size \u00f6zel \u00e7izgiler ortaya \u00e7\u0131karacak tasar\u0131mlara kap\u0131 aralamaya ne dersiniz?","robots":{"index":"index","follow":"follow","max-snippet":"max-snippet:-1","max-image-preview":"max-image-preview:large","max-video-preview":"max-video-preview:-1"},"canonical":"https:\/\/ek.com.tr\/en\/creative-design\/","og_locale":"en_US","og_type":"article","og_title":"Creative Design","og_description":"Kreatif tasar\u0131m \u00e7\u00f6z\u00fcmlerimiz ile marka kimli\u011finizi yans\u0131tacak ve size \u00f6zel \u00e7izgiler ortaya \u00e7\u0131karacak tasar\u0131mlara kap\u0131 aralamaya ne dersiniz?","og_url":"https:\/\/ek.com.tr\/en\/creative-design\/","og_site_name":"EK Dizayn","article_publisher":"https:\/\/www.facebook.com\/ekdizayn\/","article_modified_time":"2022-03-17T08:17:19+00:00","og_image":[{"url":"https:\/\/ek.com.tr\/wp-content\/uploads\/ek-reklam-ajansi-kreatif-tasarim-hizmeti.jpg","type":"","width":"","height":""}],"twitter_card":"summary_large_image","twitter_misc":{"Est. reading time":"3 minutes"},"schema":{"@context":"https:\/\/schema.org","@graph":[{"@type":"WebPage","@id":"https:\/\/ek.com.tr\/en\/creative-design\/","url":"https:\/\/ek.com.tr\/en\/creative-design\/","name":"EK Ajans - Kreatif Tasar\u0131m Logo, Kurumsal Kimlik, Katalog, Grafik Tasar\u0131m","isPartOf":{"@id":"https:\/\/ek.com.tr\/#website"},"primaryImageOfPage":{"@id":"https:\/\/ek.com.tr\/en\/creative-design\/#primaryimage"},"image":{"@id":"https:\/\/ek.com.tr\/en\/creative-design\/#primaryimage"},"thumbnailUrl":"https:\/\/ek.com.tr\/wp-content\/uploads\/ek-reklam-ajansi-kreatif-tasarim-hizmeti.jpg","datePublished":"2022-03-16T08:29:51+00:00","dateModified":"2022-03-17T08:17:19+00:00","description":"Kreatif tasar\u0131m \u00e7\u00f6z\u00fcmlerimiz ile marka kimli\u011finizi yans\u0131tacak ve size \u00f6zel \u00e7izgiler ortaya \u00e7\u0131karacak tasar\u0131mlara kap\u0131 aralamaya ne dersiniz?","breadcrumb":{"@id":"https:\/\/ek.com.tr\/en\/creative-design\/#breadcrumb"},"inLanguage":"en-US","potentialAction":[{"@type":"ReadAction","target":["https:\/\/ek.com.tr\/en\/creative-design\/"]}]},{"@type":"ImageObject","inLanguage":"en-US","@id":"https:\/\/ek.com.tr\/en\/creative-design\/#primaryimage","url":"https:\/\/ek.com.tr\/wp-content\/uploads\/ek-reklam-ajansi-kreatif-tasarim-hizmeti.jpg","contentUrl":"https:\/\/ek.com.tr\/wp-content\/uploads\/ek-reklam-ajansi-kreatif-tasarim-hizmeti.jpg"},{"@type":"BreadcrumbList","@id":"https:\/\/ek.com.tr\/en\/creative-design\/#breadcrumb","itemListElement":[{"@type":"ListItem","position":1,"name":"Ana Sayfa","item":"https:\/\/ek.com.tr\/"},{"@type":"ListItem","position":2,"name":"Creative Design"}]},{"@type":"WebSite","@id":"https:\/\/ek.com.tr\/#website","url":"https:\/\/ek.com.tr\/","name":"EK Dizayn","description":"","publisher":{"@id":"https:\/\/ek.com.tr\/#organization"},"potentialAction":[{"@type":"SearchAction","target":{"@type":"EntryPoint","urlTemplate":"https:\/\/ek.com.tr\/?s={search_term_string}"},"query-input":{"@type":"PropertyValueSpecification","valueRequired":true,"valueName":"search_term_string"}}],"inLanguage":"en-US"},{"@type":"Organization","@id":"https:\/\/ek.com.tr\/#organization","name":"Ek Dizayn","url":"https:\/\/ek.com.tr\/","logo":{"@type":"ImageObject","inLanguage":"en-US","@id":"https:\/\/ek.com.tr\/#\/schema\/logo\/image\/","url":"https:\/\/ek.com.tr\/wp-content\/uploads\/ek-dizayn-reklam-ajansi-retina-logo.png","contentUrl":"https:\/\/ek.com.tr\/wp-content\/uploads\/ek-dizayn-reklam-ajansi-retina-logo.png","width":512,"height":662,"caption":"Ek Dizayn"},"image":{"@id":"https:\/\/ek.com.tr\/#\/schema\/logo\/image\/"},"sameAs":["https:\/\/www.facebook.com\/ekdizayn\/","https:\/\/www.instagram.com\/ekdizayn\/","https:\/\/www.youtube.com\/channel\/UCn6O5hdt59FxblKmjjqeMFQ"]}]}},"_links":{"self":[{"href":"https:\/\/ek.com.tr\/en\/wp-json\/wp\/v2\/pages\/1094","targetHints":{"allow":["GET"]}}],"collection":[{"href":"https:\/\/ek.com.tr\/en\/wp-json\/wp\/v2\/pages"}],"about":[{"href":"https:\/\/ek.com.tr\/en\/wp-json\/wp\/v2\/types\/page"}],"author":[{"embeddable":true,"href":"https:\/\/ek.com.tr\/en\/wp-json\/wp\/v2\/users\/1"}],"replies":[{"embeddable":true,"href":"https:\/\/ek.com.tr\/en\/wp-json\/wp\/v2\/comments?post=1094"}],"version-history":[{"count":0,"href":"https:\/\/ek.com.tr\/en\/wp-json\/wp\/v2\/pages\/1094\/revisions"}],"wp:attachment":[{"href":"https:\/\/ek.com.tr\/en\/wp-json\/wp\/v2\/media?parent=1094"}],"curies":[{"name":"wp","href":"https:\/\/api.w.org\/{rel}","templated":true}]}}