{"id":1090,"date":"2022-03-15T16:04:46","date_gmt":"2022-03-15T16:04:46","guid":{"rendered":"https:\/\/ek.com.tr\/video-cekim-ve-post-produksiyon-hizmetleri\/"},"modified":"2023-08-24T06:51:34","modified_gmt":"2023-08-24T06:51:34","slug":"video-cekim-ve-post-produksiyon-hizmetleri","status":"publish","type":"page","link":"https:\/\/ek.com.tr\/en\/video-cekim-ve-post-produksiyon-hizmetleri\/","title":{"rendered":"Video \u00c7ekim ve Post Prod\u00fcksiyon Hizmetleri"},"content":{"rendered":"\n          \n          \n\n          <p>Video \u00c7ekim ve Post Prod\u00fcksiyon Hizmetleri<br>icon<br>icon-videocam-line<br><br>aU5xlTmX0Us<br><br>sFtaZgf1Hqg<br><br>yVgzskwMrwQ<br><br>O8fbHUNec7A<br><br><\/p>\n          \n\n          \n        <span class=\"card-icon\"><\/span><h5 class=\"card-title\">Fancy Heading<\/h5><p class=\"card-subtitle mfn-item-label\">Video \u00c7ekim ve Post Prod\u00fcksiyon Hizmetleri<\/p><img decoding=\"async\" class=\"item-preview-image\" src=\"\" \/><p class=\"item-preview-title \">Video \u00c7ekim ve Post Prod\u00fcksiyon Hizmetleri<\/p><p class=\"item-preview-subtitle empty\"><\/p><p class=\"item-preview-placeholder-parent\"><span class=\"item-preview-number empty\"><\/span><\/p><p class=\"item-preview-icon empty\"><\/p><p class=\"item-preview-category-parent empty\"><span class=\"label\">Category:<\/span><span class=\"item-preview-category\"><\/span><\/p><ul class=\"item-preview-tabs empty\"><\/ul><ul class=\"item-preview-images empty\"><\/ul><span class=\"card-icon\"><\/span><h5 class=\"card-title\">Video<\/h5><p class=\"card-subtitle mfn-item-label\"><\/p><img decoding=\"async\" class=\"item-preview-image\" src=\"https:\/\/ek.com.tr\/wp-content\/themes\/betheme\/muffin-options\/svg\/placeholders\/video.svg\" \/><p class=\"item-preview-title \">aU5xlTmX0Us<\/p><p class=\"item-preview-subtitle empty\"><\/p><p class=\"item-preview-placeholder-parent\"><span class=\"item-preview-number empty\"><\/span><\/p><p class=\"item-preview-icon empty\"><\/p><p class=\"item-preview-category-parent empty\"><span class=\"label\">Category:<\/span><span class=\"item-preview-category\"><\/span><\/p><ul class=\"item-preview-tabs empty\"><\/ul><ul class=\"item-preview-images empty\"><\/ul><span class=\"card-icon\"><\/span><h5 class=\"card-title\">Video<\/h5><p class=\"card-subtitle mfn-item-label\"><\/p><img decoding=\"async\" class=\"item-preview-image\" src=\"https:\/\/ek.com.tr\/wp-content\/themes\/betheme\/muffin-options\/svg\/placeholders\/video.svg\" \/><p class=\"item-preview-title \">sFtaZgf1Hqg<\/p><p class=\"item-preview-subtitle empty\"><\/p><p class=\"item-preview-placeholder-parent\"><span class=\"item-preview-number empty\"><\/span><\/p><p class=\"item-preview-icon empty\"><\/p><p class=\"item-preview-category-parent empty\"><span class=\"label\">Category:<\/span><span class=\"item-preview-category\"><\/span><\/p><ul class=\"item-preview-tabs empty\"><\/ul><ul class=\"item-preview-images empty\"><\/ul><span class=\"card-icon\"><\/span><h5 class=\"card-title\">Video<\/h5><p class=\"card-subtitle mfn-item-label\"><\/p><img decoding=\"async\" class=\"item-preview-image\" src=\"https:\/\/ek.com.tr\/wp-content\/themes\/betheme\/muffin-options\/svg\/placeholders\/video.svg\" \/><p class=\"item-preview-title \">yVgzskwMrwQ<\/p><p class=\"item-preview-subtitle empty\"><\/p><p class=\"item-preview-placeholder-parent\"><span class=\"item-preview-number empty\"><\/span><\/p><p class=\"item-preview-icon empty\"><\/p><p class=\"item-preview-category-parent empty\"><span class=\"label\">Category:<\/span><span class=\"item-preview-category\"><\/span><\/p><ul class=\"item-preview-tabs empty\"><\/ul><ul class=\"item-preview-images empty\"><\/ul><span class=\"card-icon\"><\/span><h5 class=\"card-title\">Video<\/h5><p class=\"card-subtitle mfn-item-label\"><\/p><img decoding=\"async\" class=\"item-preview-image\" src=\"https:\/\/ek.com.tr\/wp-content\/themes\/betheme\/muffin-options\/svg\/placeholders\/video.svg\" \/><p class=\"item-preview-title \">O8fbHUNec7A<\/p><p class=\"item-preview-subtitle empty\"><\/p><p class=\"item-preview-placeholder-parent\"><span class=\"item-preview-number empty\"><\/span><\/p><p class=\"item-preview-icon empty\"><\/p><p class=\"item-preview-category-parent empty\"><span class=\"label\">Category:<\/span><span class=\"item-preview-category\"><\/span><\/p><ul class=\"item-preview-tabs empty\"><\/ul><ul class=\"item-preview-images empty\"><\/ul><span class=\"card-icon\"><\/span><h5 class=\"card-title\">Fancy Heading<\/h5><p class=\"card-subtitle mfn-item-label\">Video \u00c7ekim ve Post Prod\u00fcksiyon Hizmetleri<\/p><img decoding=\"async\" class=\"item-preview-image\" src=\"\" \/><p class=\"item-preview-title \">Video \u00c7ekim ve Post Prod\u00fcksiyon Hizmetleri<\/p><p class=\"item-preview-subtitle empty\"><\/p><p class=\"item-preview-placeholder-parent\"><span class=\"item-preview-number empty\"><\/span><\/p><p class=\"item-preview-icon empty\"><\/p><p class=\"item-preview-category-parent empty\"><span class=\"label\">Category:<\/span><span class=\"item-preview-category\"><\/span><\/p><ul class=\"item-preview-tabs empty\"><\/ul><ul class=\"item-preview-images empty\"><\/ul><span class=\"card-icon\"><\/span><h5 class=\"card-title\">Video<\/h5><p class=\"card-subtitle mfn-item-label\"><\/p><img decoding=\"async\" class=\"item-preview-image\" src=\"https:\/\/ek.com.tr\/wp-content\/themes\/betheme\/muffin-options\/svg\/placeholders\/video.svg\" \/><p class=\"item-preview-title \">aU5xlTmX0Us<\/p><p class=\"item-preview-subtitle empty\"><\/p><p class=\"item-preview-placeholder-parent\"><span class=\"item-preview-number empty\"><\/span><\/p><p class=\"item-preview-icon empty\"><\/p><p class=\"item-preview-category-parent empty\"><span class=\"label\">Category:<\/span><span class=\"item-preview-category\"><\/span><\/p><ul class=\"item-preview-tabs empty\"><\/ul><ul class=\"item-preview-images empty\"><\/ul><span class=\"card-icon\"><\/span><h5 class=\"card-title\">Video<\/h5><p class=\"card-subtitle mfn-item-label\"><\/p><img decoding=\"async\" class=\"item-preview-image\" src=\"https:\/\/ek.com.tr\/wp-content\/themes\/betheme\/muffin-options\/svg\/placeholders\/video.svg\" \/><p class=\"item-preview-title \">sFtaZgf1Hqg<\/p><p class=\"item-preview-subtitle empty\"><\/p><p class=\"item-preview-placeholder-parent\"><span class=\"item-preview-number empty\"><\/span><\/p><p class=\"item-preview-icon empty\"><\/p><p class=\"item-preview-category-parent empty\"><span class=\"label\">Category:<\/span><span class=\"item-preview-category\"><\/span><\/p><ul class=\"item-preview-tabs empty\"><\/ul><ul class=\"item-preview-images empty\"><\/ul><span class=\"card-icon\"><\/span><h5 class=\"card-title\">Video<\/h5><p class=\"card-subtitle mfn-item-label\"><\/p><img decoding=\"async\" class=\"item-preview-image\" src=\"https:\/\/ek.com.tr\/wp-content\/themes\/betheme\/muffin-options\/svg\/placeholders\/video.svg\" \/><p class=\"item-preview-title \">yVgzskwMrwQ<\/p><p class=\"item-preview-subtitle empty\"><\/p><p class=\"item-preview-placeholder-parent\"><span class=\"item-preview-number empty\"><\/span><\/p><p class=\"item-preview-icon empty\"><\/p><p class=\"item-preview-category-parent empty\"><span class=\"label\">Category:<\/span><span class=\"item-preview-category\"><\/span><\/p><ul class=\"item-preview-tabs empty\"><\/ul><ul class=\"item-preview-images empty\"><\/ul><span class=\"card-icon\"><\/span><h5 class=\"card-title\">Video<\/h5><p class=\"card-subtitle mfn-item-label\"><\/p><img decoding=\"async\" class=\"item-preview-image\" src=\"https:\/\/ek.com.tr\/wp-content\/themes\/betheme\/muffin-options\/svg\/placeholders\/video.svg\" \/><p class=\"item-preview-title \">O8fbHUNec7A<\/p><p class=\"item-preview-subtitle empty\"><\/p><p class=\"item-preview-placeholder-parent\"><span class=\"item-preview-number empty\"><\/span><\/p><p class=\"item-preview-icon empty\"><\/p><p class=\"item-preview-category-parent empty\"><span class=\"label\">Category:<\/span><span class=\"item-preview-category\"><\/span><\/p><ul class=\"item-preview-tabs empty\"><\/ul><ul class=\"item-preview-images empty\"><\/ul>","protected":false},"excerpt":{"rendered":"<p>Video \u00c7ekim ve Post Prod\u00fcksiyon Hizmetleriiconicon-videocam-line aU5xlTmX0Us sFtaZgf1Hqg yVgzskwMrwQ O8fbHUNec7A Fancy Heading Video \u00c7ekim ve Post Prod\u00fcksiyon Hizmetleri Video \u00c7ekim ve Post Prod\u00fcksiyon Hizmetleri Category: Video<span class=\"excerpt-hellip\"> [\u2026]<\/span><\/p>\n","protected":false},"author":1,"featured_media":0,"parent":0,"menu_order":0,"comment_status":"closed","ping_status":"closed","template":"","meta":{"footnotes":""},"class_list":["post-1090","page","type-page","status-publish","hentry"],"yoast_head":"<!-- This site is optimized with the Yoast SEO Premium plugin v25.2 (Yoast SEO v27.4) - https:\/\/yoast.com\/product\/yoast-seo-premium-wordpress\/ -->\n<title>Video \u00c7ekim ve Post Prod\u00fcksiyon Hizmetleri | EK Dizayn<\/title>\n<meta name=\"robots\" content=\"index, follow, max-snippet:-1, max-image-preview:large, max-video-preview:-1\" \/>\n<link rel=\"canonical\" href=\"https:\/\/ek.com.tr\/en\/video-cekim-ve-post-produksiyon-hizmetleri\/\" \/>\n<meta property=\"og:locale\" content=\"en_US\" \/>\n<meta property=\"og:type\" content=\"article\" \/>\n<meta property=\"og:title\" content=\"Video \u00c7ekim ve Post Prod\u00fcksiyon Hizmetleri\" \/>\n<meta property=\"og:description\" content=\"Video \u00c7ekim ve Post Prod\u00fcksiyon Hizmetleriiconicon-videocam-line aU5xlTmX0Us sFtaZgf1Hqg yVgzskwMrwQ O8fbHUNec7A Fancy Heading Video \u00c7ekim ve Post Prod\u00fcksiyon Hizmetleri Video \u00c7ekim ve Post Prod\u00fcksiyon Hizmetleri Category: Video [\u2026]\" \/>\n<meta property=\"og:url\" content=\"https:\/\/ek.com.tr\/en\/video-cekim-ve-post-produksiyon-hizmetleri\/\" \/>\n<meta property=\"og:site_name\" content=\"EK Dizayn\" \/>\n<meta property=\"article:publisher\" content=\"https:\/\/www.facebook.com\/ekdizayn\/\" \/>\n<meta property=\"article:modified_time\" content=\"2023-08-24T06:51:34+00:00\" \/>\n<meta property=\"og:image\" content=\"https:\/\/ek.com.tr\/wp-content\/themes\/betheme\/muffin-options\/svg\/placeholders\/video.svg\" \/>\n<meta name=\"twitter:card\" content=\"summary_large_image\" \/>\n<script type=\"application\/ld+json\" class=\"yoast-schema-graph\">{\"@context\":\"https:\\\/\\\/schema.org\",\"@graph\":[{\"@type\":\"WebPage\",\"@id\":\"https:\\\/\\\/ek.com.tr\\\/en\\\/video-cekim-ve-post-produksiyon-hizmetleri\\\/\",\"url\":\"https:\\\/\\\/ek.com.tr\\\/en\\\/video-cekim-ve-post-produksiyon-hizmetleri\\\/\",\"name\":\"Video \u00c7ekim ve Post Prod\u00fcksiyon Hizmetleri | EK Dizayn\",\"isPartOf\":{\"@id\":\"https:\\\/\\\/ek.com.tr\\\/#website\"},\"primaryImageOfPage\":{\"@id\":\"https:\\\/\\\/ek.com.tr\\\/en\\\/video-cekim-ve-post-produksiyon-hizmetleri\\\/#primaryimage\"},\"image\":{\"@id\":\"https:\\\/\\\/ek.com.tr\\\/en\\\/video-cekim-ve-post-produksiyon-hizmetleri\\\/#primaryimage\"},\"thumbnailUrl\":\"https:\\\/\\\/ek.com.tr\\\/wp-content\\\/themes\\\/betheme\\\/muffin-options\\\/svg\\\/placeholders\\\/video.svg\",\"datePublished\":\"2022-03-15T16:04:46+00:00\",\"dateModified\":\"2023-08-24T06:51:34+00:00\",\"breadcrumb\":{\"@id\":\"https:\\\/\\\/ek.com.tr\\\/en\\\/video-cekim-ve-post-produksiyon-hizmetleri\\\/#breadcrumb\"},\"inLanguage\":\"en-US\",\"potentialAction\":[{\"@type\":\"ReadAction\",\"target\":[\"https:\\\/\\\/ek.com.tr\\\/en\\\/video-cekim-ve-post-produksiyon-hizmetleri\\\/\"]}]},{\"@type\":\"ImageObject\",\"inLanguage\":\"en-US\",\"@id\":\"https:\\\/\\\/ek.com.tr\\\/en\\\/video-cekim-ve-post-produksiyon-hizmetleri\\\/#primaryimage\",\"url\":\"https:\\\/\\\/ek.com.tr\\\/wp-content\\\/themes\\\/betheme\\\/muffin-options\\\/svg\\\/placeholders\\\/video.svg\",\"contentUrl\":\"https:\\\/\\\/ek.com.tr\\\/wp-content\\\/themes\\\/betheme\\\/muffin-options\\\/svg\\\/placeholders\\\/video.svg\"},{\"@type\":\"BreadcrumbList\",\"@id\":\"https:\\\/\\\/ek.com.tr\\\/en\\\/video-cekim-ve-post-produksiyon-hizmetleri\\\/#breadcrumb\",\"itemListElement\":[{\"@type\":\"ListItem\",\"position\":1,\"name\":\"Ana Sayfa\",\"item\":\"https:\\\/\\\/ek.com.tr\\\/\"},{\"@type\":\"ListItem\",\"position\":2,\"name\":\"Video \u00c7ekim ve Post Prod\u00fcksiyon Hizmetleri\"}]},{\"@type\":\"WebSite\",\"@id\":\"https:\\\/\\\/ek.com.tr\\\/#website\",\"url\":\"https:\\\/\\\/ek.com.tr\\\/\",\"name\":\"EK Dizayn\",\"description\":\"\",\"publisher\":{\"@id\":\"https:\\\/\\\/ek.com.tr\\\/#organization\"},\"potentialAction\":[{\"@type\":\"SearchAction\",\"target\":{\"@type\":\"EntryPoint\",\"urlTemplate\":\"https:\\\/\\\/ek.com.tr\\\/?s={search_term_string}\"},\"query-input\":{\"@type\":\"PropertyValueSpecification\",\"valueRequired\":true,\"valueName\":\"search_term_string\"}}],\"inLanguage\":\"en-US\"},{\"@type\":\"Organization\",\"@id\":\"https:\\\/\\\/ek.com.tr\\\/#organization\",\"name\":\"Ek Dizayn\",\"url\":\"https:\\\/\\\/ek.com.tr\\\/\",\"logo\":{\"@type\":\"ImageObject\",\"inLanguage\":\"en-US\",\"@id\":\"https:\\\/\\\/ek.com.tr\\\/#\\\/schema\\\/logo\\\/image\\\/\",\"url\":\"https:\\\/\\\/ek.com.tr\\\/wp-content\\\/uploads\\\/ek-dizayn-reklam-ajansi-retina-logo.png\",\"contentUrl\":\"https:\\\/\\\/ek.com.tr\\\/wp-content\\\/uploads\\\/ek-dizayn-reklam-ajansi-retina-logo.png\",\"width\":512,\"height\":662,\"caption\":\"Ek Dizayn\"},\"image\":{\"@id\":\"https:\\\/\\\/ek.com.tr\\\/#\\\/schema\\\/logo\\\/image\\\/\"},\"sameAs\":[\"https:\\\/\\\/www.facebook.com\\\/ekdizayn\\\/\",\"https:\\\/\\\/www.instagram.com\\\/ekdizayn\\\/\",\"https:\\\/\\\/www.youtube.com\\\/channel\\\/UCn6O5hdt59FxblKmjjqeMFQ\"]}]}<\/script>\n<!-- \/ Yoast SEO Premium plugin. -->","yoast_head_json":{"title":"Video \u00c7ekim ve Post Prod\u00fcksiyon Hizmetleri | EK Dizayn","robots":{"index":"index","follow":"follow","max-snippet":"max-snippet:-1","max-image-preview":"max-image-preview:large","max-video-preview":"max-video-preview:-1"},"canonical":"https:\/\/ek.com.tr\/en\/video-cekim-ve-post-produksiyon-hizmetleri\/","og_locale":"en_US","og_type":"article","og_title":"Video \u00c7ekim ve Post Prod\u00fcksiyon Hizmetleri","og_description":"Video \u00c7ekim ve Post Prod\u00fcksiyon Hizmetleriiconicon-videocam-line aU5xlTmX0Us sFtaZgf1Hqg yVgzskwMrwQ O8fbHUNec7A Fancy Heading Video \u00c7ekim ve Post Prod\u00fcksiyon Hizmetleri Video \u00c7ekim ve Post Prod\u00fcksiyon Hizmetleri Category: Video [\u2026]","og_url":"https:\/\/ek.com.tr\/en\/video-cekim-ve-post-produksiyon-hizmetleri\/","og_site_name":"EK Dizayn","article_publisher":"https:\/\/www.facebook.com\/ekdizayn\/","article_modified_time":"2023-08-24T06:51:34+00:00","og_image":[{"url":"https:\/\/ek.com.tr\/wp-content\/themes\/betheme\/muffin-options\/svg\/placeholders\/video.svg","type":"","width":"","height":""}],"twitter_card":"summary_large_image","schema":{"@context":"https:\/\/schema.org","@graph":[{"@type":"WebPage","@id":"https:\/\/ek.com.tr\/en\/video-cekim-ve-post-produksiyon-hizmetleri\/","url":"https:\/\/ek.com.tr\/en\/video-cekim-ve-post-produksiyon-hizmetleri\/","name":"Video \u00c7ekim ve Post Prod\u00fcksiyon Hizmetleri | EK Dizayn","isPartOf":{"@id":"https:\/\/ek.com.tr\/#website"},"primaryImageOfPage":{"@id":"https:\/\/ek.com.tr\/en\/video-cekim-ve-post-produksiyon-hizmetleri\/#primaryimage"},"image":{"@id":"https:\/\/ek.com.tr\/en\/video-cekim-ve-post-produksiyon-hizmetleri\/#primaryimage"},"thumbnailUrl":"https:\/\/ek.com.tr\/wp-content\/themes\/betheme\/muffin-options\/svg\/placeholders\/video.svg","datePublished":"2022-03-15T16:04:46+00:00","dateModified":"2023-08-24T06:51:34+00:00","breadcrumb":{"@id":"https:\/\/ek.com.tr\/en\/video-cekim-ve-post-produksiyon-hizmetleri\/#breadcrumb"},"inLanguage":"en-US","potentialAction":[{"@type":"ReadAction","target":["https:\/\/ek.com.tr\/en\/video-cekim-ve-post-produksiyon-hizmetleri\/"]}]},{"@type":"ImageObject","inLanguage":"en-US","@id":"https:\/\/ek.com.tr\/en\/video-cekim-ve-post-produksiyon-hizmetleri\/#primaryimage","url":"https:\/\/ek.com.tr\/wp-content\/themes\/betheme\/muffin-options\/svg\/placeholders\/video.svg","contentUrl":"https:\/\/ek.com.tr\/wp-content\/themes\/betheme\/muffin-options\/svg\/placeholders\/video.svg"},{"@type":"BreadcrumbList","@id":"https:\/\/ek.com.tr\/en\/video-cekim-ve-post-produksiyon-hizmetleri\/#breadcrumb","itemListElement":[{"@type":"ListItem","position":1,"name":"Ana Sayfa","item":"https:\/\/ek.com.tr\/"},{"@type":"ListItem","position":2,"name":"Video \u00c7ekim ve Post Prod\u00fcksiyon Hizmetleri"}]},{"@type":"WebSite","@id":"https:\/\/ek.com.tr\/#website","url":"https:\/\/ek.com.tr\/","name":"EK Dizayn","description":"","publisher":{"@id":"https:\/\/ek.com.tr\/#organization"},"potentialAction":[{"@type":"SearchAction","target":{"@type":"EntryPoint","urlTemplate":"https:\/\/ek.com.tr\/?s={search_term_string}"},"query-input":{"@type":"PropertyValueSpecification","valueRequired":true,"valueName":"search_term_string"}}],"inLanguage":"en-US"},{"@type":"Organization","@id":"https:\/\/ek.com.tr\/#organization","name":"Ek Dizayn","url":"https:\/\/ek.com.tr\/","logo":{"@type":"ImageObject","inLanguage":"en-US","@id":"https:\/\/ek.com.tr\/#\/schema\/logo\/image\/","url":"https:\/\/ek.com.tr\/wp-content\/uploads\/ek-dizayn-reklam-ajansi-retina-logo.png","contentUrl":"https:\/\/ek.com.tr\/wp-content\/uploads\/ek-dizayn-reklam-ajansi-retina-logo.png","width":512,"height":662,"caption":"Ek Dizayn"},"image":{"@id":"https:\/\/ek.com.tr\/#\/schema\/logo\/image\/"},"sameAs":["https:\/\/www.facebook.com\/ekdizayn\/","https:\/\/www.instagram.com\/ekdizayn\/","https:\/\/www.youtube.com\/channel\/UCn6O5hdt59FxblKmjjqeMFQ"]}]}},"_links":{"self":[{"href":"https:\/\/ek.com.tr\/en\/wp-json\/wp\/v2\/pages\/1090","targetHints":{"allow":["GET"]}}],"collection":[{"href":"https:\/\/ek.com.tr\/en\/wp-json\/wp\/v2\/pages"}],"about":[{"href":"https:\/\/ek.com.tr\/en\/wp-json\/wp\/v2\/types\/page"}],"author":[{"embeddable":true,"href":"https:\/\/ek.com.tr\/en\/wp-json\/wp\/v2\/users\/1"}],"replies":[{"embeddable":true,"href":"https:\/\/ek.com.tr\/en\/wp-json\/wp\/v2\/comments?post=1090"}],"version-history":[{"count":0,"href":"https:\/\/ek.com.tr\/en\/wp-json\/wp\/v2\/pages\/1090\/revisions"}],"wp:attachment":[{"href":"https:\/\/ek.com.tr\/en\/wp-json\/wp\/v2\/media?parent=1090"}],"curies":[{"name":"wp","href":"https:\/\/api.w.org\/{rel}","templated":true}]}}