{"id":1081,"date":"2022-03-15T15:58:45","date_gmt":"2022-03-15T15:58:45","guid":{"rendered":"https:\/\/ek.com.tr\/promosyon\/"},"modified":"2023-08-24T06:51:32","modified_gmt":"2023-08-24T06:51:32","slug":"promosyon","status":"publish","type":"page","link":"https:\/\/ek.com.tr\/en\/promosyon\/","title":{"rendered":"Promosyon"},"content":{"rendered":"\n<p>Promosyon<br><\/p><h4>Geni\u015f promosyon \u00fcr\u00fcn yelpazesi ile en yenilik\u00e7i tan\u0131t\u0131m \u00fcr\u00fcnlerine uygun fiyatlarla sahip olun.<\/h4><br>icon<br>icon-trophy<br>EK Dizayn<br><br><img decoding=\"async\" src=\"https:\/\/ek.com.tr\/wp-content\/uploads\/PROFOSYENEL-HI%CC%87ZMET.jpg\" alt=\"PROFOSYENEL HI\u0307ZMET\"><br>full<br><br><h2>Promosyon<\/h2>\n<br><hr class=\"no_line\" style=\"margin: 0 auto 15px auto\"\/>\n\n<br>\n<br>Klasik promosyon \u00fcr\u00fcnleri\n<br>Elektronik promosyon \u00fcr\u00fcnleri\n<br>Yenilik\u00e7i promosyon \u00e7\u00f6z\u00fcmleri\n<br>Kurumsal promosyon hediyelik \u00fcr\u00fcnler\n<br><br>A\u00e7\u0131klama<br>no-repeat;left top;;<br>auto<br><br>h4<br>icon-lamp<br>top<br><br>h4<br>icon-lamp<br>top<br><br>h4<br>icon-lamp<br>top<br><br>h4<br>icon-lamp<br>top<br><br>\n<span class=\"card-icon\"><\/span><h5 class=\"card-title\">Fancy Heading<\/h5><p class=\"card-subtitle mfn-item-label\">Promosyon<\/p><img decoding=\"async\" class=\"item-preview-image\" src=\"\" \/><p class=\"item-preview-title \">Promosyon<\/p><p class=\"item-preview-subtitle empty\"><\/p>Geni\u015f promosyon \u00fcr\u00fcn yelpazesi ile en yenilik\u00e7i tan\u0131t\u0131m \u00fcr\u00fcnlerine uygun fiyatlarla&#8230;<p class=\"item-preview-placeholder-parent\"><span class=\"item-preview-number empty\"><\/span><\/p><p class=\"item-preview-icon empty\"><\/p><p class=\"item-preview-category-parent empty\"><span class=\"label\">Category:<\/span><span class=\"item-preview-category\"><\/span><\/p><ul class=\"item-preview-tabs empty\"><\/ul><ul class=\"item-preview-images empty\"><\/ul><span class=\"card-icon\"><\/span><h5 class=\"card-title\">Image<\/h5><p class=\"card-subtitle mfn-item-label\"><\/p><img decoding=\"async\" class=\"item-preview-image\" src=\"https:\/\/ek.com.tr\/wp-content\/uploads\/PROFOSYENEL-HI\u0307ZMET.jpg\" \/><p class=\"item-preview-title empty\"><\/p><p class=\"item-preview-subtitle empty\"><\/p><p class=\"item-preview-placeholder-parent\"><span class=\"item-preview-number empty\"><\/span><\/p><p class=\"item-preview-icon empty\"><\/p><p class=\"item-preview-category-parent empty\"><span class=\"label\">Category:<\/span><span class=\"item-preview-category\"><\/span><\/p><ul class=\"item-preview-tabs empty\"><\/ul><ul class=\"item-preview-images empty\"><\/ul><span class=\"card-icon\"><\/span><h5 class=\"card-title\">Column Text<\/h5><p class=\"card-subtitle mfn-item-label\">A\u00e7\u0131klama<\/p><img decoding=\"async\" class=\"item-preview-image\" src=\"\" \/><p class=\"item-preview-title \">A\u00e7\u0131klama<\/p><p class=\"item-preview-subtitle empty\"><\/p><h2>Promosyon<\/h2>\r\n<span class=\"item-preview-shortcode\"><hr class=\"no_line\" style=\"margin: 0 auto 15px auto\"\/>\n<\/span>\r\n<ul>\r\n<li>Klasik promosyon \u00fcr\u00fcnleri<\/li>\r\n<li>Elektronik promosyon \u00fcr\u00fcnleri<\/li>\r\n<li>Yenilik\u00e7i promosyon \u00e7\u00f6z\u00fcmleri<\/li>\r\n<li>Kurumsal promosyon hediyelik \u00fcr\u00fcnler<\/li>\r\n<\/ul><p class=\"item-preview-placeholder-parent\"><span class=\"item-preview-number empty\"><\/span><\/p><p class=\"item-preview-icon empty\"><\/p><p class=\"item-preview-category-parent empty\"><span class=\"label\">Category:<\/span><span class=\"item-preview-category\"><\/span><\/p><ul class=\"item-preview-tabs empty\"><\/ul><ul class=\"item-preview-images empty\"><\/ul><span class=\"card-icon\"><\/span><h5 class=\"card-title\">Portfolio<\/h5><p class=\"card-subtitle mfn-item-label\"><\/p><img decoding=\"async\" class=\"item-preview-image\" src=\"\" \/><p class=\"item-preview-title empty\"><\/p><p class=\"item-preview-subtitle empty\"><\/p><p class=\"item-preview-placeholder-parent\"><img decoding=\"async\" class=\"item-preview-placeholder\" src=\"https:\/\/ek.com.tr\/wp-content\/themes\/betheme\/muffin-options\/svg\/select\/portfolio\/grid.svg\" data-dir=\"https:\/\/ek.com.tr\/wp-content\/themes\/betheme\/muffin-options\/svg\/select\/portfolio\/\"\/><span class=\"item-preview-number \">11<\/span><\/p><p class=\"item-preview-icon empty\"><\/p><p class=\"item-preview-category-parent \"><span class=\"label\">Category:<\/span><span class=\"item-preview-category\">All<\/span><\/p><ul class=\"item-preview-tabs empty\"><\/ul><ul class=\"item-preview-images empty\"><\/ul><span class=\"card-icon\"><\/span><h5 class=\"card-title\">Icon Box Basic<\/h5><p class=\"card-subtitle mfn-item-label\"><\/p><img decoding=\"async\" class=\"item-preview-image\" src=\"\" \/><p class=\"item-preview-title empty\"><\/p><p class=\"item-preview-subtitle empty\"><\/p><p class=\"item-preview-placeholder-parent\"><span class=\"item-preview-number empty\"><\/span><\/p><p class=\"item-preview-icon \"><\/p><p class=\"item-preview-category-parent empty\"><span class=\"label\">Category:<\/span><span class=\"item-preview-category\"><\/span><\/p><ul class=\"item-preview-tabs empty\"><\/ul><ul class=\"item-preview-images empty\"><\/ul><span class=\"card-icon\"><\/span><h5 class=\"card-title\">Icon Box Basic<\/h5><p class=\"card-subtitle mfn-item-label\"><\/p><img decoding=\"async\" class=\"item-preview-image\" src=\"\" \/><p class=\"item-preview-title empty\"><\/p><p class=\"item-preview-subtitle empty\"><\/p><p class=\"item-preview-placeholder-parent\"><span class=\"item-preview-number empty\"><\/span><\/p><p class=\"item-preview-icon \"><\/p><p class=\"item-preview-category-parent empty\"><span class=\"label\">Category:<\/span><span class=\"item-preview-category\"><\/span><\/p><ul class=\"item-preview-tabs empty\"><\/ul><ul class=\"item-preview-images empty\"><\/ul><span class=\"card-icon\"><\/span><h5 class=\"card-title\">Icon Box Basic<\/h5><p class=\"card-subtitle mfn-item-label\"><\/p><img decoding=\"async\" class=\"item-preview-image\" src=\"\" \/><p class=\"item-preview-title empty\"><\/p><p class=\"item-preview-subtitle empty\"><\/p><p class=\"item-preview-placeholder-parent\"><span class=\"item-preview-number empty\"><\/span><\/p><p class=\"item-preview-icon \"><\/p><p class=\"item-preview-category-parent empty\"><span class=\"label\">Category:<\/span><span class=\"item-preview-category\"><\/span><\/p><ul class=\"item-preview-tabs empty\"><\/ul><ul class=\"item-preview-images empty\"><\/ul><span class=\"card-icon\"><\/span><h5 class=\"card-title\">Icon Box Basic<\/h5><p class=\"card-subtitle mfn-item-label\"><\/p><img decoding=\"async\" class=\"item-preview-image\" src=\"\" \/><p class=\"item-preview-title empty\"><\/p><p class=\"item-preview-subtitle empty\"><\/p><p class=\"item-preview-placeholder-parent\"><span class=\"item-preview-number empty\"><\/span><\/p><p class=\"item-preview-icon \"><\/p><p class=\"item-preview-category-parent empty\"><span class=\"label\">Category:<\/span><span class=\"item-preview-category\"><\/span><\/p><ul class=\"item-preview-tabs empty\"><\/ul><ul class=\"item-preview-images empty\"><\/ul>","protected":false},"excerpt":{"rendered":"<p>Promosyon Geni\u015f promosyon \u00fcr\u00fcn yelpazesi ile en yenilik\u00e7i tan\u0131t\u0131m \u00fcr\u00fcnlerine uygun fiyatlarla sahip olun. iconicon-trophyEK Dizayn full Promosyon Klasik promosyon \u00fcr\u00fcnleri Elektronik promosyon \u00fcr\u00fcnleri Yenilik\u00e7i promosyon<span class=\"excerpt-hellip\"> [\u2026]<\/span><\/p>\n","protected":false},"author":1,"featured_media":0,"parent":0,"menu_order":0,"comment_status":"closed","ping_status":"closed","template":"","meta":{"footnotes":""},"class_list":["post-1081","page","type-page","status-publish","hentry"],"yoast_head":"<!-- This site is optimized with the Yoast SEO Premium plugin v25.2 (Yoast SEO v27.4) - https:\/\/yoast.com\/product\/yoast-seo-premium-wordpress\/ -->\n<title>Promosyon | EK Dizayn<\/title>\n<meta name=\"description\" content=\"EK Dizayn olarak geni\u015f promosyon \u00fcr\u00fcn yelpazesi ile en yenilik\u00e7i tan\u0131t\u0131m \u00fcr\u00fcnlerine uygun fiyatlarla sahip olun.\" \/>\n<meta name=\"robots\" content=\"index, follow, max-snippet:-1, max-image-preview:large, max-video-preview:-1\" \/>\n<link rel=\"canonical\" href=\"https:\/\/ek.com.tr\/en\/promosyon\/\" \/>\n<meta property=\"og:locale\" content=\"en_US\" \/>\n<meta property=\"og:type\" content=\"article\" \/>\n<meta property=\"og:title\" content=\"Promosyon\" \/>\n<meta property=\"og:description\" content=\"EK Dizayn olarak geni\u015f promosyon \u00fcr\u00fcn yelpazesi ile en yenilik\u00e7i tan\u0131t\u0131m \u00fcr\u00fcnlerine uygun fiyatlarla sahip olun.\" \/>\n<meta property=\"og:url\" content=\"https:\/\/ek.com.tr\/en\/promosyon\/\" \/>\n<meta property=\"og:site_name\" content=\"EK Dizayn\" \/>\n<meta property=\"article:publisher\" content=\"https:\/\/www.facebook.com\/ekdizayn\/\" \/>\n<meta property=\"article:modified_time\" content=\"2023-08-24T06:51:32+00:00\" \/>\n<meta property=\"og:image\" content=\"https:\/\/ek.com.tr\/wp-content\/uploads\/PROFOSYENEL-HI%CC%87ZMET.jpg\" \/>\n<meta name=\"twitter:card\" content=\"summary_large_image\" \/>\n<meta name=\"twitter:label1\" content=\"Est. reading time\" \/>\n\t<meta name=\"twitter:data1\" content=\"1 minute\" \/>\n<script type=\"application\/ld+json\" class=\"yoast-schema-graph\">{\"@context\":\"https:\\\/\\\/schema.org\",\"@graph\":[{\"@type\":\"WebPage\",\"@id\":\"https:\\\/\\\/ek.com.tr\\\/en\\\/promosyon\\\/\",\"url\":\"https:\\\/\\\/ek.com.tr\\\/en\\\/promosyon\\\/\",\"name\":\"Promosyon | EK Dizayn\",\"isPartOf\":{\"@id\":\"https:\\\/\\\/ek.com.tr\\\/#website\"},\"primaryImageOfPage\":{\"@id\":\"https:\\\/\\\/ek.com.tr\\\/en\\\/promosyon\\\/#primaryimage\"},\"image\":{\"@id\":\"https:\\\/\\\/ek.com.tr\\\/en\\\/promosyon\\\/#primaryimage\"},\"thumbnailUrl\":\"https:\\\/\\\/ek.com.tr\\\/wp-content\\\/uploads\\\/PROFOSYENEL-HI%CC%87ZMET.jpg\",\"datePublished\":\"2022-03-15T15:58:45+00:00\",\"dateModified\":\"2023-08-24T06:51:32+00:00\",\"description\":\"EK Dizayn olarak geni\u015f promosyon \u00fcr\u00fcn yelpazesi ile en yenilik\u00e7i tan\u0131t\u0131m \u00fcr\u00fcnlerine uygun fiyatlarla sahip olun.\",\"breadcrumb\":{\"@id\":\"https:\\\/\\\/ek.com.tr\\\/en\\\/promosyon\\\/#breadcrumb\"},\"inLanguage\":\"en-US\",\"potentialAction\":[{\"@type\":\"ReadAction\",\"target\":[\"https:\\\/\\\/ek.com.tr\\\/en\\\/promosyon\\\/\"]}]},{\"@type\":\"ImageObject\",\"inLanguage\":\"en-US\",\"@id\":\"https:\\\/\\\/ek.com.tr\\\/en\\\/promosyon\\\/#primaryimage\",\"url\":\"https:\\\/\\\/ek.com.tr\\\/wp-content\\\/uploads\\\/PROFOSYENEL-HI%CC%87ZMET.jpg\",\"contentUrl\":\"https:\\\/\\\/ek.com.tr\\\/wp-content\\\/uploads\\\/PROFOSYENEL-HI%CC%87ZMET.jpg\"},{\"@type\":\"BreadcrumbList\",\"@id\":\"https:\\\/\\\/ek.com.tr\\\/en\\\/promosyon\\\/#breadcrumb\",\"itemListElement\":[{\"@type\":\"ListItem\",\"position\":1,\"name\":\"Ana Sayfa\",\"item\":\"https:\\\/\\\/ek.com.tr\\\/\"},{\"@type\":\"ListItem\",\"position\":2,\"name\":\"Promosyon\"}]},{\"@type\":\"WebSite\",\"@id\":\"https:\\\/\\\/ek.com.tr\\\/#website\",\"url\":\"https:\\\/\\\/ek.com.tr\\\/\",\"name\":\"EK Dizayn\",\"description\":\"\",\"publisher\":{\"@id\":\"https:\\\/\\\/ek.com.tr\\\/#organization\"},\"potentialAction\":[{\"@type\":\"SearchAction\",\"target\":{\"@type\":\"EntryPoint\",\"urlTemplate\":\"https:\\\/\\\/ek.com.tr\\\/?s={search_term_string}\"},\"query-input\":{\"@type\":\"PropertyValueSpecification\",\"valueRequired\":true,\"valueName\":\"search_term_string\"}}],\"inLanguage\":\"en-US\"},{\"@type\":\"Organization\",\"@id\":\"https:\\\/\\\/ek.com.tr\\\/#organization\",\"name\":\"Ek Dizayn\",\"url\":\"https:\\\/\\\/ek.com.tr\\\/\",\"logo\":{\"@type\":\"ImageObject\",\"inLanguage\":\"en-US\",\"@id\":\"https:\\\/\\\/ek.com.tr\\\/#\\\/schema\\\/logo\\\/image\\\/\",\"url\":\"https:\\\/\\\/ek.com.tr\\\/wp-content\\\/uploads\\\/ek-dizayn-reklam-ajansi-retina-logo.png\",\"contentUrl\":\"https:\\\/\\\/ek.com.tr\\\/wp-content\\\/uploads\\\/ek-dizayn-reklam-ajansi-retina-logo.png\",\"width\":512,\"height\":662,\"caption\":\"Ek Dizayn\"},\"image\":{\"@id\":\"https:\\\/\\\/ek.com.tr\\\/#\\\/schema\\\/logo\\\/image\\\/\"},\"sameAs\":[\"https:\\\/\\\/www.facebook.com\\\/ekdizayn\\\/\",\"https:\\\/\\\/www.instagram.com\\\/ekdizayn\\\/\",\"https:\\\/\\\/www.youtube.com\\\/channel\\\/UCn6O5hdt59FxblKmjjqeMFQ\"]}]}<\/script>\n<!-- \/ Yoast SEO Premium plugin. -->","yoast_head_json":{"title":"Promosyon | EK Dizayn","description":"EK Dizayn olarak geni\u015f promosyon \u00fcr\u00fcn yelpazesi ile en yenilik\u00e7i tan\u0131t\u0131m \u00fcr\u00fcnlerine uygun fiyatlarla sahip olun.","robots":{"index":"index","follow":"follow","max-snippet":"max-snippet:-1","max-image-preview":"max-image-preview:large","max-video-preview":"max-video-preview:-1"},"canonical":"https:\/\/ek.com.tr\/en\/promosyon\/","og_locale":"en_US","og_type":"article","og_title":"Promosyon","og_description":"EK Dizayn olarak geni\u015f promosyon \u00fcr\u00fcn yelpazesi ile en yenilik\u00e7i tan\u0131t\u0131m \u00fcr\u00fcnlerine uygun fiyatlarla sahip olun.","og_url":"https:\/\/ek.com.tr\/en\/promosyon\/","og_site_name":"EK Dizayn","article_publisher":"https:\/\/www.facebook.com\/ekdizayn\/","article_modified_time":"2023-08-24T06:51:32+00:00","og_image":[{"url":"https:\/\/ek.com.tr\/wp-content\/uploads\/PROFOSYENEL-HI%CC%87ZMET.jpg","type":"","width":"","height":""}],"twitter_card":"summary_large_image","twitter_misc":{"Est. reading time":"1 minute"},"schema":{"@context":"https:\/\/schema.org","@graph":[{"@type":"WebPage","@id":"https:\/\/ek.com.tr\/en\/promosyon\/","url":"https:\/\/ek.com.tr\/en\/promosyon\/","name":"Promosyon | EK Dizayn","isPartOf":{"@id":"https:\/\/ek.com.tr\/#website"},"primaryImageOfPage":{"@id":"https:\/\/ek.com.tr\/en\/promosyon\/#primaryimage"},"image":{"@id":"https:\/\/ek.com.tr\/en\/promosyon\/#primaryimage"},"thumbnailUrl":"https:\/\/ek.com.tr\/wp-content\/uploads\/PROFOSYENEL-HI%CC%87ZMET.jpg","datePublished":"2022-03-15T15:58:45+00:00","dateModified":"2023-08-24T06:51:32+00:00","description":"EK Dizayn olarak geni\u015f promosyon \u00fcr\u00fcn yelpazesi ile en yenilik\u00e7i tan\u0131t\u0131m \u00fcr\u00fcnlerine uygun fiyatlarla sahip olun.","breadcrumb":{"@id":"https:\/\/ek.com.tr\/en\/promosyon\/#breadcrumb"},"inLanguage":"en-US","potentialAction":[{"@type":"ReadAction","target":["https:\/\/ek.com.tr\/en\/promosyon\/"]}]},{"@type":"ImageObject","inLanguage":"en-US","@id":"https:\/\/ek.com.tr\/en\/promosyon\/#primaryimage","url":"https:\/\/ek.com.tr\/wp-content\/uploads\/PROFOSYENEL-HI%CC%87ZMET.jpg","contentUrl":"https:\/\/ek.com.tr\/wp-content\/uploads\/PROFOSYENEL-HI%CC%87ZMET.jpg"},{"@type":"BreadcrumbList","@id":"https:\/\/ek.com.tr\/en\/promosyon\/#breadcrumb","itemListElement":[{"@type":"ListItem","position":1,"name":"Ana Sayfa","item":"https:\/\/ek.com.tr\/"},{"@type":"ListItem","position":2,"name":"Promosyon"}]},{"@type":"WebSite","@id":"https:\/\/ek.com.tr\/#website","url":"https:\/\/ek.com.tr\/","name":"EK Dizayn","description":"","publisher":{"@id":"https:\/\/ek.com.tr\/#organization"},"potentialAction":[{"@type":"SearchAction","target":{"@type":"EntryPoint","urlTemplate":"https:\/\/ek.com.tr\/?s={search_term_string}"},"query-input":{"@type":"PropertyValueSpecification","valueRequired":true,"valueName":"search_term_string"}}],"inLanguage":"en-US"},{"@type":"Organization","@id":"https:\/\/ek.com.tr\/#organization","name":"Ek Dizayn","url":"https:\/\/ek.com.tr\/","logo":{"@type":"ImageObject","inLanguage":"en-US","@id":"https:\/\/ek.com.tr\/#\/schema\/logo\/image\/","url":"https:\/\/ek.com.tr\/wp-content\/uploads\/ek-dizayn-reklam-ajansi-retina-logo.png","contentUrl":"https:\/\/ek.com.tr\/wp-content\/uploads\/ek-dizayn-reklam-ajansi-retina-logo.png","width":512,"height":662,"caption":"Ek Dizayn"},"image":{"@id":"https:\/\/ek.com.tr\/#\/schema\/logo\/image\/"},"sameAs":["https:\/\/www.facebook.com\/ekdizayn\/","https:\/\/www.instagram.com\/ekdizayn\/","https:\/\/www.youtube.com\/channel\/UCn6O5hdt59FxblKmjjqeMFQ"]}]}},"_links":{"self":[{"href":"https:\/\/ek.com.tr\/en\/wp-json\/wp\/v2\/pages\/1081","targetHints":{"allow":["GET"]}}],"collection":[{"href":"https:\/\/ek.com.tr\/en\/wp-json\/wp\/v2\/pages"}],"about":[{"href":"https:\/\/ek.com.tr\/en\/wp-json\/wp\/v2\/types\/page"}],"author":[{"embeddable":true,"href":"https:\/\/ek.com.tr\/en\/wp-json\/wp\/v2\/users\/1"}],"replies":[{"embeddable":true,"href":"https:\/\/ek.com.tr\/en\/wp-json\/wp\/v2\/comments?post=1081"}],"version-history":[{"count":0,"href":"https:\/\/ek.com.tr\/en\/wp-json\/wp\/v2\/pages\/1081\/revisions"}],"wp:attachment":[{"href":"https:\/\/ek.com.tr\/en\/wp-json\/wp\/v2\/media?parent=1081"}],"curies":[{"name":"wp","href":"https:\/\/api.w.org\/{rel}","templated":true}]}}