{"id":1077,"date":"2022-03-15T15:56:15","date_gmt":"2022-03-15T15:56:15","guid":{"rendered":"https:\/\/ek.com.tr\/marka-tescil-hizmeti\/"},"modified":"2022-03-15T15:56:15","modified_gmt":"2022-03-15T15:56:15","slug":"marka-tescil-hizmeti","status":"publish","type":"page","link":"https:\/\/ek.com.tr\/en\/marka-tescil-hizmeti\/","title":{"rendered":"Marka Tescil Hizmeti"},"content":{"rendered":"\n<p>Marka Tescil Hizmeti<br><\/p><h4>Marka bulma, marka ara\u015ft\u0131rma, marka ba\u015fvurusu ve marka tescil i\u015flemlerini y\u00f6netiriz.<\/h4><br>icon<br>icon-check<br>EK Dizayn<br><br><img decoding=\"async\" src=\"https:\/\/ek.com.tr\/wp-content\/uploads\/ekdizayn-reklam-ajansi-marka-tescil-hizmeti.jpg\" alt=\"ekdizayn-reklam-ajansi-marka-tescil-hizmeti\"><br>full<br><br><h3>Markaya m\u0131 ihtiyac\u0131n\u0131z var? Biz bulal\u0131m.<\/h3>\n<br>\n<br>Tescil olmayan markan\u0131za \u00f6deme yapmay\u0131n!\n<br>Marka tescilinizin do\u011frulu\u011fundan emin olun.\n<br>Markan\u0131z\u0131n g\u00f6rsel ile birlikte ba\u015fvurulmas\u0131na dikkat edin.\n<br><br>A\u00e7\u0131klama<br>no-repeat;left top;;<br>auto<br><br>h4<br>icon-lamp<br>top<br><br>h4<br>icon-lamp<br>top<br><br>h4<br>icon-lamp<br>top<br><br>h4<br>icon-lamp<br>top<br><br>\n","protected":false},"excerpt":{"rendered":"<p>Marka Tescil Hizmeti Marka bulma, marka ara\u015ft\u0131rma, marka ba\u015fvurusu ve marka tescil i\u015flemlerini y\u00f6netiriz. iconicon-checkEK Dizayn full Markaya m\u0131 ihtiyac\u0131n\u0131z var? Biz bulal\u0131m. Tescil olmayan markan\u0131za<span class=\"excerpt-hellip\"> [\u2026]<\/span><\/p>\n","protected":false},"author":1,"featured_media":0,"parent":0,"menu_order":0,"comment_status":"closed","ping_status":"closed","template":"","meta":{"footnotes":""},"class_list":["post-1077","page","type-page","status-publish","hentry"],"yoast_head":"<!-- This site is optimized with the Yoast SEO Premium plugin v25.2 (Yoast SEO v27.4) - https:\/\/yoast.com\/product\/yoast-seo-premium-wordpress\/ -->\n<title>Marka Tescil Hizmeti | EK Dizayn<\/title>\n<meta name=\"description\" content=\"EK Dizayn olarak , marka bulma, marka ara\u015ft\u0131rma, marka ba\u015fvurusu ve marka tescil i\u015flemlerini y\u00f6netiriz.\" \/>\n<meta name=\"robots\" content=\"index, follow, max-snippet:-1, max-image-preview:large, max-video-preview:-1\" \/>\n<link rel=\"canonical\" href=\"https:\/\/ek.com.tr\/en\/marka-tescil-hizmeti\/\" \/>\n<meta property=\"og:locale\" content=\"en_US\" \/>\n<meta property=\"og:type\" content=\"article\" \/>\n<meta property=\"og:title\" content=\"Marka Tescil Hizmeti\" \/>\n<meta property=\"og:description\" content=\"EK Dizayn olarak , marka bulma, marka ara\u015ft\u0131rma, marka ba\u015fvurusu ve marka tescil i\u015flemlerini y\u00f6netiriz.\" \/>\n<meta property=\"og:url\" content=\"https:\/\/ek.com.tr\/en\/marka-tescil-hizmeti\/\" \/>\n<meta property=\"og:site_name\" content=\"EK Dizayn\" \/>\n<meta property=\"article:publisher\" content=\"https:\/\/www.facebook.com\/ekdizayn\/\" \/>\n<meta property=\"og:image\" content=\"https:\/\/ek.com.tr\/wp-content\/uploads\/ekdizayn-reklam-ajansi-marka-tescil-hizmeti.jpg\" \/>\n<meta name=\"twitter:card\" content=\"summary_large_image\" \/>\n<script type=\"application\/ld+json\" class=\"yoast-schema-graph\">{\"@context\":\"https:\\\/\\\/schema.org\",\"@graph\":[{\"@type\":\"WebPage\",\"@id\":\"https:\\\/\\\/ek.com.tr\\\/en\\\/marka-tescil-hizmeti\\\/\",\"url\":\"https:\\\/\\\/ek.com.tr\\\/en\\\/marka-tescil-hizmeti\\\/\",\"name\":\"Marka Tescil Hizmeti | EK Dizayn\",\"isPartOf\":{\"@id\":\"https:\\\/\\\/ek.com.tr\\\/#website\"},\"primaryImageOfPage\":{\"@id\":\"https:\\\/\\\/ek.com.tr\\\/en\\\/marka-tescil-hizmeti\\\/#primaryimage\"},\"image\":{\"@id\":\"https:\\\/\\\/ek.com.tr\\\/en\\\/marka-tescil-hizmeti\\\/#primaryimage\"},\"thumbnailUrl\":\"https:\\\/\\\/ek.com.tr\\\/wp-content\\\/uploads\\\/ekdizayn-reklam-ajansi-marka-tescil-hizmeti.jpg\",\"datePublished\":\"2022-03-15T15:56:15+00:00\",\"description\":\"EK Dizayn olarak , marka bulma, marka ara\u015ft\u0131rma, marka ba\u015fvurusu ve marka tescil i\u015flemlerini y\u00f6netiriz.\",\"breadcrumb\":{\"@id\":\"https:\\\/\\\/ek.com.tr\\\/en\\\/marka-tescil-hizmeti\\\/#breadcrumb\"},\"inLanguage\":\"en-US\",\"potentialAction\":[{\"@type\":\"ReadAction\",\"target\":[\"https:\\\/\\\/ek.com.tr\\\/en\\\/marka-tescil-hizmeti\\\/\"]}]},{\"@type\":\"ImageObject\",\"inLanguage\":\"en-US\",\"@id\":\"https:\\\/\\\/ek.com.tr\\\/en\\\/marka-tescil-hizmeti\\\/#primaryimage\",\"url\":\"https:\\\/\\\/ek.com.tr\\\/wp-content\\\/uploads\\\/ekdizayn-reklam-ajansi-marka-tescil-hizmeti.jpg\",\"contentUrl\":\"https:\\\/\\\/ek.com.tr\\\/wp-content\\\/uploads\\\/ekdizayn-reklam-ajansi-marka-tescil-hizmeti.jpg\"},{\"@type\":\"BreadcrumbList\",\"@id\":\"https:\\\/\\\/ek.com.tr\\\/en\\\/marka-tescil-hizmeti\\\/#breadcrumb\",\"itemListElement\":[{\"@type\":\"ListItem\",\"position\":1,\"name\":\"Ana Sayfa\",\"item\":\"https:\\\/\\\/ek.com.tr\\\/\"},{\"@type\":\"ListItem\",\"position\":2,\"name\":\"Marka Tescil Hizmeti\"}]},{\"@type\":\"WebSite\",\"@id\":\"https:\\\/\\\/ek.com.tr\\\/#website\",\"url\":\"https:\\\/\\\/ek.com.tr\\\/\",\"name\":\"EK Dizayn\",\"description\":\"\",\"publisher\":{\"@id\":\"https:\\\/\\\/ek.com.tr\\\/#organization\"},\"potentialAction\":[{\"@type\":\"SearchAction\",\"target\":{\"@type\":\"EntryPoint\",\"urlTemplate\":\"https:\\\/\\\/ek.com.tr\\\/?s={search_term_string}\"},\"query-input\":{\"@type\":\"PropertyValueSpecification\",\"valueRequired\":true,\"valueName\":\"search_term_string\"}}],\"inLanguage\":\"en-US\"},{\"@type\":\"Organization\",\"@id\":\"https:\\\/\\\/ek.com.tr\\\/#organization\",\"name\":\"Ek Dizayn\",\"url\":\"https:\\\/\\\/ek.com.tr\\\/\",\"logo\":{\"@type\":\"ImageObject\",\"inLanguage\":\"en-US\",\"@id\":\"https:\\\/\\\/ek.com.tr\\\/#\\\/schema\\\/logo\\\/image\\\/\",\"url\":\"https:\\\/\\\/ek.com.tr\\\/wp-content\\\/uploads\\\/ek-dizayn-reklam-ajansi-retina-logo.png\",\"contentUrl\":\"https:\\\/\\\/ek.com.tr\\\/wp-content\\\/uploads\\\/ek-dizayn-reklam-ajansi-retina-logo.png\",\"width\":512,\"height\":662,\"caption\":\"Ek Dizayn\"},\"image\":{\"@id\":\"https:\\\/\\\/ek.com.tr\\\/#\\\/schema\\\/logo\\\/image\\\/\"},\"sameAs\":[\"https:\\\/\\\/www.facebook.com\\\/ekdizayn\\\/\",\"https:\\\/\\\/www.instagram.com\\\/ekdizayn\\\/\",\"https:\\\/\\\/www.youtube.com\\\/channel\\\/UCn6O5hdt59FxblKmjjqeMFQ\"]}]}<\/script>\n<!-- \/ Yoast SEO Premium plugin. -->","yoast_head_json":{"title":"Marka Tescil Hizmeti | EK Dizayn","description":"EK Dizayn olarak , marka bulma, marka ara\u015ft\u0131rma, marka ba\u015fvurusu ve marka tescil i\u015flemlerini y\u00f6netiriz.","robots":{"index":"index","follow":"follow","max-snippet":"max-snippet:-1","max-image-preview":"max-image-preview:large","max-video-preview":"max-video-preview:-1"},"canonical":"https:\/\/ek.com.tr\/en\/marka-tescil-hizmeti\/","og_locale":"en_US","og_type":"article","og_title":"Marka Tescil Hizmeti","og_description":"EK Dizayn olarak , marka bulma, marka ara\u015ft\u0131rma, marka ba\u015fvurusu ve marka tescil i\u015flemlerini y\u00f6netiriz.","og_url":"https:\/\/ek.com.tr\/en\/marka-tescil-hizmeti\/","og_site_name":"EK Dizayn","article_publisher":"https:\/\/www.facebook.com\/ekdizayn\/","og_image":[{"url":"https:\/\/ek.com.tr\/wp-content\/uploads\/ekdizayn-reklam-ajansi-marka-tescil-hizmeti.jpg","type":"","width":"","height":""}],"twitter_card":"summary_large_image","schema":{"@context":"https:\/\/schema.org","@graph":[{"@type":"WebPage","@id":"https:\/\/ek.com.tr\/en\/marka-tescil-hizmeti\/","url":"https:\/\/ek.com.tr\/en\/marka-tescil-hizmeti\/","name":"Marka Tescil Hizmeti | EK Dizayn","isPartOf":{"@id":"https:\/\/ek.com.tr\/#website"},"primaryImageOfPage":{"@id":"https:\/\/ek.com.tr\/en\/marka-tescil-hizmeti\/#primaryimage"},"image":{"@id":"https:\/\/ek.com.tr\/en\/marka-tescil-hizmeti\/#primaryimage"},"thumbnailUrl":"https:\/\/ek.com.tr\/wp-content\/uploads\/ekdizayn-reklam-ajansi-marka-tescil-hizmeti.jpg","datePublished":"2022-03-15T15:56:15+00:00","description":"EK Dizayn olarak , marka bulma, marka ara\u015ft\u0131rma, marka ba\u015fvurusu ve marka tescil i\u015flemlerini y\u00f6netiriz.","breadcrumb":{"@id":"https:\/\/ek.com.tr\/en\/marka-tescil-hizmeti\/#breadcrumb"},"inLanguage":"en-US","potentialAction":[{"@type":"ReadAction","target":["https:\/\/ek.com.tr\/en\/marka-tescil-hizmeti\/"]}]},{"@type":"ImageObject","inLanguage":"en-US","@id":"https:\/\/ek.com.tr\/en\/marka-tescil-hizmeti\/#primaryimage","url":"https:\/\/ek.com.tr\/wp-content\/uploads\/ekdizayn-reklam-ajansi-marka-tescil-hizmeti.jpg","contentUrl":"https:\/\/ek.com.tr\/wp-content\/uploads\/ekdizayn-reklam-ajansi-marka-tescil-hizmeti.jpg"},{"@type":"BreadcrumbList","@id":"https:\/\/ek.com.tr\/en\/marka-tescil-hizmeti\/#breadcrumb","itemListElement":[{"@type":"ListItem","position":1,"name":"Ana Sayfa","item":"https:\/\/ek.com.tr\/"},{"@type":"ListItem","position":2,"name":"Marka Tescil Hizmeti"}]},{"@type":"WebSite","@id":"https:\/\/ek.com.tr\/#website","url":"https:\/\/ek.com.tr\/","name":"EK Dizayn","description":"","publisher":{"@id":"https:\/\/ek.com.tr\/#organization"},"potentialAction":[{"@type":"SearchAction","target":{"@type":"EntryPoint","urlTemplate":"https:\/\/ek.com.tr\/?s={search_term_string}"},"query-input":{"@type":"PropertyValueSpecification","valueRequired":true,"valueName":"search_term_string"}}],"inLanguage":"en-US"},{"@type":"Organization","@id":"https:\/\/ek.com.tr\/#organization","name":"Ek Dizayn","url":"https:\/\/ek.com.tr\/","logo":{"@type":"ImageObject","inLanguage":"en-US","@id":"https:\/\/ek.com.tr\/#\/schema\/logo\/image\/","url":"https:\/\/ek.com.tr\/wp-content\/uploads\/ek-dizayn-reklam-ajansi-retina-logo.png","contentUrl":"https:\/\/ek.com.tr\/wp-content\/uploads\/ek-dizayn-reklam-ajansi-retina-logo.png","width":512,"height":662,"caption":"Ek Dizayn"},"image":{"@id":"https:\/\/ek.com.tr\/#\/schema\/logo\/image\/"},"sameAs":["https:\/\/www.facebook.com\/ekdizayn\/","https:\/\/www.instagram.com\/ekdizayn\/","https:\/\/www.youtube.com\/channel\/UCn6O5hdt59FxblKmjjqeMFQ"]}]}},"_links":{"self":[{"href":"https:\/\/ek.com.tr\/en\/wp-json\/wp\/v2\/pages\/1077","targetHints":{"allow":["GET"]}}],"collection":[{"href":"https:\/\/ek.com.tr\/en\/wp-json\/wp\/v2\/pages"}],"about":[{"href":"https:\/\/ek.com.tr\/en\/wp-json\/wp\/v2\/types\/page"}],"author":[{"embeddable":true,"href":"https:\/\/ek.com.tr\/en\/wp-json\/wp\/v2\/users\/1"}],"replies":[{"embeddable":true,"href":"https:\/\/ek.com.tr\/en\/wp-json\/wp\/v2\/comments?post=1077"}],"version-history":[{"count":0,"href":"https:\/\/ek.com.tr\/en\/wp-json\/wp\/v2\/pages\/1077\/revisions"}],"wp:attachment":[{"href":"https:\/\/ek.com.tr\/en\/wp-json\/wp\/v2\/media?parent=1077"}],"curies":[{"name":"wp","href":"https:\/\/api.w.org\/{rel}","templated":true}]}}