{"id":1076,"date":"2022-03-15T15:54:15","date_gmt":"2022-03-15T15:54:15","guid":{"rendered":"https:\/\/ek.com.tr\/logo-tasarimi\/"},"modified":"2022-03-17T09:08:46","modified_gmt":"2022-03-17T09:08:46","slug":"logo-design","status":"publish","type":"page","link":"https:\/\/ek.com.tr\/en\/logo-design\/","title":{"rendered":"Logo Design"},"content":{"rendered":"\n<p class=\"has-drop-cap\"><br><\/p>\n\n\n\n<p class=\"has-drop-cap\"><p class=\"has-drop-cap\">Logo Tasar\u0131m\u0131<br><\/p><h4>Profesyonel logo tasar\u0131m\u0131 hizmeti ile ki\u015fi, kurum yada markay\u0131\n<br>en iyi ve en do\u011fru \u015fekilde temsil edecek simgeler tasarlar\u0131z.<\/h4><br>icon<br><br><img decoding=\"async\" src=\"https:\/\/ek.com.tr\/wp-content\/uploads\/ek-reklam-ajansi-kreatif-logo-tasarim-hizmeti.jpg\" alt=\"ek-reklam-ajansi-kreatif-logo-tasarim-hizmeti\"><br>full<br><br>Profesyonel Logo Tasar\u0131m\u0131\n<br>Logo tasar\u0131m\u0131 yap\u0131l\u0131rken Markay\u0131 en iyi \u015fekilde temsil edecek\n<br>olan fikirlere yo\u011funla\u015f\u0131l\u0131r. Bu fikirler yenilik\u00e7i tasar\u0131mlar ile desteklenir.\n<br>Profesyonel tasar\u0131mc\u0131lar logolar\u0131 eskiz olarak ka\u011f\u0131tlara yada Zbrush gibi padlere \u00e7izip daha sonra bu amblemleri vekt\u00f6rel hale d\u00f6n\u00fc\u015ft\u00fcr\u00fcrler. Bu amblemler renklendirildikten sonra hikayesi ile birlikte be\u011feninize sunulur.\n<br>\n<br>Logo logotype ve amblemin bir b\u00fct\u00fcn\u00fc olarak d\u00fc\u015f\u00fcn\u00fclebilir.\n<br>Her marka bir amblem ve bir logotype&#8217;e ihtiya\u00e7 duyar.\n<br>Logo tasarlan\u0131rken dikkat edilmesi gereken hususlardan biri de\n<br>markan\u0131n kurumsal kimli\u011fini yans\u0131tacak yani markan\u0131n ne oldu\u011funu\n<br>anlatabilecek bir \u00e7al\u0131\u015fma yap\u0131lmas\u0131d\u0131r.\n<br>\u00c7ok karma\u015f\u0131k ve anla\u015f\u0131lmas\u0131 zor logolar insanlar\n<br>\u00fczerinde \u00e7ok fazla ilgi uyand\u0131rmamaktad\u0131r.<br>no-repeat;left top;;<br>auto<br><br>Logo Tasar\u0131m Paketlerimiz<br><h5>Size en uygun olan logo tasar\u0131m paketini tercih edin. Ki\u015fi, Kurum yada\n<br>Markay\u0131 en iyi \u015fekilde temsil edecek simgenizi hemen \u00fcretmeye ba\u015flayal\u0131m<\/h5><br>line<br>EK D\u0130ZAYN<br><br>LOGO TASARIMLARI\n<br>\n<br>Ki\u015fi, Kurum yada Markalar \u0130\u00e7in \u00d6zel Olarak Tasarlanan Logo Tasar\u0131mlar\u0131m\u0131za G\u00f6z At\u0131n.\n<br>\n<br>Bir markan\u0131n alamet-i farikas\u0131 olarak da bilinen logolar\u0131n ak\u0131lda kal\u0131c\u0131, \u00f6zg\u00fcn, sade ve kusursuz bir \u015fekilde tasarlanmas\u0131 sayesinde siz de markan\u0131z\u0131n dikkat \u00e7ekmesini sa\u011flay\u0131n. Markan\u0131z i\u00e7in ihtiya\u00e7 duydu\u011funuz logoyu ya da akl\u0131n\u0131zda bulunan tasar\u0131m\u0131 bize anlat\u0131n biz de o tasar\u0131ma en uygun \u00e7\u00f6z\u00fcmlerle sizlere destek olal\u0131m.\n<br>Logonuzu tasarlarken \u00f6zg\u00fcnl\u00fc\u011f\u00fc yakalamak ad\u0131na b\u00fcy\u00fck \u00e7aba sarf ediyoruz. EK Dizayn\u2019\u0131n yenilik\u00e7i ve farkl\u0131l\u0131k yaratan anlay\u0131\u015flar\u0131 \u00e7er\u00e7evesinde size \u00f6zel bir tasar\u0131ma imza at\u0131yoruz.<br>no-repeat;left top;;<br>auto<br><br>Logo Tasar\u0131mlar\u0131m\u0131zdan \u00d6ne \u00c7\u0131kanlar<br><h4>M\u00fc\u015fterilerimiz i\u00e7in \u00f6zel olarak haz\u0131rlad\u0131\u011f\u0131m\u0131z Logo tasar\u0131mlar\u0131ndan bir ka\u00e7\u0131n\u0131 a\u015fa\u011f\u0131da be\u011feninize sunar\u0131z.<\/h4><br>icon<br>icon-brush<br>Logo Portfolyo<br><br>20<br>grid<br>3<br>logo<br>date<br>DESC<br><br>EK Dizayn&#8217;da bir logonun haz\u0131rlan\u0131\u015f hikayesi&#8230; Logo tasar\u0131m\u0131 yap\u0131l\u0131rken firmay\u0131 en iyi \u015fekilde temsil edecek fikirler yarat\u0131r\u0131z. Bu fikirleri yenilik\u00e7i tasar\u0131mlar ile destekleriz. Profesyonel tasar\u0131mc\u0131lar\u0131m\u0131z logolar\u0131 \u00f6nce eskiz olarak ka\u011f\u0131tlara ve Zbrush gibi padlerde \u00e7izip daha sonra bu \u00e7izimleri vekt\u00f6rel hale getirerek haz\u0131rlarlar. Daha sonra logolar\u0131n\u0131z\u0131n renklendirme i\u015flemini yaparlar. \u00c7\u0131kan her bir logo hikayesi ile birlikte sunulur. Firmay\u0131 en iyi ve en do\u011fru \u015fekilde temsil edecek olan logo belirlenir. Logo bir ki\u015fi,kurum yada markay\u0131 d\u00fcnyada temsil eden bir simgedir. Logo logotype ve amblemin bir b\u00fct\u00fcn\u00fc olarak d\u00fc\u015f\u00fcn\u00fclebilir. Her marka bir amblem ve bir logotype&#8217;e ihtiya\u00e7 duyar. Logo tasarlan\u0131rken dikkat edilmesi gereken hususlardan biri de markan\u0131n kurumsal kimli\u011fini yans\u0131tacak yani markan\u0131n ne oldu\u011funu anlatabilecek bir \u00e7al\u0131\u015fma yap\u0131lmas\u0131d\u0131r. \u00c7ok karma\u015f\u0131k ve anla\u015f\u0131lmas\u0131 zor logolar insanlar \u00fczerinde \u00e7ok fazla ilgi uyand\u0131rmamaktad\u0131r. Firmalar i\u00e7in \u00f6zel olarak tasarlanan logo tasar\u0131mlar\u0131m\u0131za g\u00f6z at\u0131n.\n<br>Profesyonel Logo ve Ambleminizi Tasarlayal\u0131m. Logo Dizayn ve Tasar\u0131m Kurumsal Kimlik \u00c7al\u0131\u015fmas\u0131n\u0131n ilk ta\u015f\u0131 denilebilir. Biz m\u00fc\u015fterilerimize Marka Y\u00f6netim Ekibimizle birlikte yapt\u0131\u011f\u0131m\u0131z g\u00f6r\u00fc\u015fmelerde Kurumsal Kimlik hakk\u0131nda detayl\u0131 bilgiler veriyoruz. \u0130stek do\u011frutulsunda logo dizaynlar\u0131n\u0131 kurumsal kimlik \u00e7al\u0131\u015fmas\u0131 d\u0131\u015f\u0131nda tasarl\u0131yoruz. Sizi ve markan\u0131z\u0131 en iyi \u015fekilde temsil edecek dizaynlara eri\u015fmenizi sa\u011fl\u0131yoruz. Ayr\u0131ca yeni bir \u015firket kurduysan\u0131z veya farkl\u0131 bir sekt\u00f6re at\u0131lmaya karar verdiyseniz, Marka s\u00fcre\u00e7leri ve Marka Y\u00f6netimi\u2019ni , \u015firketimizin sundu\u011fu hizmetler aras\u0131ndad\u0131r. Alan\u0131nda uzman bak\u0131\u015f a\u00e7\u0131s\u0131na sahip uluslar aras\u0131 deneyime ve vizyona sahip uzman ekip arkada\u015flar\u0131m\u0131zca, \u015firketimizden bu hizmeti alabilirsiniz.<br>no-repeat;left top;;<br>auto<br><br><\/p>\n","protected":false},"excerpt":{"rendered":"<p>Logo Tasar\u0131m\u0131 Profesyonel logo tasar\u0131m\u0131 hizmeti ile ki\u015fi, kurum yada markay\u0131 en iyi ve en do\u011fru \u015fekilde temsil edecek simgeler tasarlar\u0131z. icon full Profesyonel Logo Tasar\u0131m\u0131<span class=\"excerpt-hellip\"> [\u2026]<\/span><\/p>\n","protected":false},"author":1,"featured_media":0,"parent":0,"menu_order":0,"comment_status":"closed","ping_status":"closed","template":"","meta":{"footnotes":""},"class_list":["post-1076","page","type-page","status-publish","hentry"],"yoast_head":"<!-- This site is optimized with the Yoast SEO Premium plugin v25.2 (Yoast SEO v26.6) - https:\/\/yoast.com\/wordpress\/plugins\/seo\/ -->\n<title>Logo Tasar\u0131m\u0131 | EK Dizayn<\/title>\n<meta name=\"description\" content=\"Profesyonel logo tasar\u0131m\u0131 hizmeti ile ki\u015fi, kurum yada markay\u0131 en iyi ve en do\u011fru \u015fekilde temsil edecek simgeler tasarlar\u0131z.\" \/>\n<meta name=\"robots\" content=\"index, follow, max-snippet:-1, max-image-preview:large, max-video-preview:-1\" \/>\n<link rel=\"canonical\" href=\"https:\/\/ek.com.tr\/en\/logo-design\/\" \/>\n<meta property=\"og:locale\" content=\"en_US\" \/>\n<meta property=\"og:type\" content=\"article\" \/>\n<meta property=\"og:title\" content=\"Logo Design\" \/>\n<meta property=\"og:description\" content=\"Profesyonel logo tasar\u0131m\u0131 hizmeti ile ki\u015fi, kurum yada markay\u0131 en iyi ve en do\u011fru \u015fekilde temsil edecek simgeler tasarlar\u0131z.\" \/>\n<meta property=\"og:url\" content=\"https:\/\/ek.com.tr\/en\/logo-design\/\" \/>\n<meta property=\"og:site_name\" content=\"EK Dizayn\" \/>\n<meta property=\"article:publisher\" content=\"https:\/\/www.facebook.com\/ekdizayn\/\" \/>\n<meta property=\"article:modified_time\" content=\"2022-03-17T09:08:46+00:00\" \/>\n<meta property=\"og:image\" content=\"https:\/\/ek.com.tr\/wp-content\/uploads\/ek-reklam-ajansi-kreatif-logo-tasarim-hizmeti.jpg\" \/>\n<meta name=\"twitter:card\" content=\"summary_large_image\" \/>\n<meta name=\"twitter:label1\" content=\"Est. reading time\" \/>\n\t<meta name=\"twitter:data1\" content=\"3 minutes\" \/>\n<script type=\"application\/ld+json\" class=\"yoast-schema-graph\">{\"@context\":\"https:\/\/schema.org\",\"@graph\":[{\"@type\":\"WebPage\",\"@id\":\"https:\/\/ek.com.tr\/en\/logo-design\/\",\"url\":\"https:\/\/ek.com.tr\/en\/logo-design\/\",\"name\":\"Logo Tasar\u0131m\u0131 | EK Dizayn\",\"isPartOf\":{\"@id\":\"https:\/\/ek.com.tr\/#website\"},\"primaryImageOfPage\":{\"@id\":\"https:\/\/ek.com.tr\/en\/logo-design\/#primaryimage\"},\"image\":{\"@id\":\"https:\/\/ek.com.tr\/en\/logo-design\/#primaryimage\"},\"thumbnailUrl\":\"https:\/\/ek.com.tr\/wp-content\/uploads\/ek-reklam-ajansi-kreatif-logo-tasarim-hizmeti.jpg\",\"datePublished\":\"2022-03-15T15:54:15+00:00\",\"dateModified\":\"2022-03-17T09:08:46+00:00\",\"description\":\"Profesyonel logo tasar\u0131m\u0131 hizmeti ile ki\u015fi, kurum yada markay\u0131 en iyi ve en do\u011fru \u015fekilde temsil edecek simgeler tasarlar\u0131z.\",\"breadcrumb\":{\"@id\":\"https:\/\/ek.com.tr\/en\/logo-design\/#breadcrumb\"},\"inLanguage\":\"en-US\",\"potentialAction\":[{\"@type\":\"ReadAction\",\"target\":[\"https:\/\/ek.com.tr\/en\/logo-design\/\"]}]},{\"@type\":\"ImageObject\",\"inLanguage\":\"en-US\",\"@id\":\"https:\/\/ek.com.tr\/en\/logo-design\/#primaryimage\",\"url\":\"https:\/\/ek.com.tr\/wp-content\/uploads\/ek-reklam-ajansi-kreatif-logo-tasarim-hizmeti.jpg\",\"contentUrl\":\"https:\/\/ek.com.tr\/wp-content\/uploads\/ek-reklam-ajansi-kreatif-logo-tasarim-hizmeti.jpg\"},{\"@type\":\"BreadcrumbList\",\"@id\":\"https:\/\/ek.com.tr\/en\/logo-design\/#breadcrumb\",\"itemListElement\":[{\"@type\":\"ListItem\",\"position\":1,\"name\":\"Ana Sayfa\",\"item\":\"https:\/\/ek.com.tr\/\"},{\"@type\":\"ListItem\",\"position\":2,\"name\":\"Logo Design\"}]},{\"@type\":\"WebSite\",\"@id\":\"https:\/\/ek.com.tr\/#website\",\"url\":\"https:\/\/ek.com.tr\/\",\"name\":\"EK Dizayn\",\"description\":\"\",\"publisher\":{\"@id\":\"https:\/\/ek.com.tr\/#organization\"},\"potentialAction\":[{\"@type\":\"SearchAction\",\"target\":{\"@type\":\"EntryPoint\",\"urlTemplate\":\"https:\/\/ek.com.tr\/?s={search_term_string}\"},\"query-input\":{\"@type\":\"PropertyValueSpecification\",\"valueRequired\":true,\"valueName\":\"search_term_string\"}}],\"inLanguage\":\"en-US\"},{\"@type\":\"Organization\",\"@id\":\"https:\/\/ek.com.tr\/#organization\",\"name\":\"Ek Dizayn\",\"url\":\"https:\/\/ek.com.tr\/\",\"logo\":{\"@type\":\"ImageObject\",\"inLanguage\":\"en-US\",\"@id\":\"https:\/\/ek.com.tr\/#\/schema\/logo\/image\/\",\"url\":\"https:\/\/ek.com.tr\/wp-content\/uploads\/ek-dizayn-reklam-ajansi-retina-logo.png\",\"contentUrl\":\"https:\/\/ek.com.tr\/wp-content\/uploads\/ek-dizayn-reklam-ajansi-retina-logo.png\",\"width\":512,\"height\":662,\"caption\":\"Ek Dizayn\"},\"image\":{\"@id\":\"https:\/\/ek.com.tr\/#\/schema\/logo\/image\/\"},\"sameAs\":[\"https:\/\/www.facebook.com\/ekdizayn\/\",\"https:\/\/www.instagram.com\/ekdizayn\/\",\"https:\/\/www.youtube.com\/channel\/UCn6O5hdt59FxblKmjjqeMFQ\"]}]}<\/script>\n<!-- \/ Yoast SEO Premium plugin. -->","yoast_head_json":{"title":"Logo Tasar\u0131m\u0131 | EK Dizayn","description":"Profesyonel logo tasar\u0131m\u0131 hizmeti ile ki\u015fi, kurum yada markay\u0131 en iyi ve en do\u011fru \u015fekilde temsil edecek simgeler tasarlar\u0131z.","robots":{"index":"index","follow":"follow","max-snippet":"max-snippet:-1","max-image-preview":"max-image-preview:large","max-video-preview":"max-video-preview:-1"},"canonical":"https:\/\/ek.com.tr\/en\/logo-design\/","og_locale":"en_US","og_type":"article","og_title":"Logo Design","og_description":"Profesyonel logo tasar\u0131m\u0131 hizmeti ile ki\u015fi, kurum yada markay\u0131 en iyi ve en do\u011fru \u015fekilde temsil edecek simgeler tasarlar\u0131z.","og_url":"https:\/\/ek.com.tr\/en\/logo-design\/","og_site_name":"EK Dizayn","article_publisher":"https:\/\/www.facebook.com\/ekdizayn\/","article_modified_time":"2022-03-17T09:08:46+00:00","og_image":[{"url":"https:\/\/ek.com.tr\/wp-content\/uploads\/ek-reklam-ajansi-kreatif-logo-tasarim-hizmeti.jpg","type":"","width":"","height":""}],"twitter_card":"summary_large_image","twitter_misc":{"Est. reading time":"3 minutes"},"schema":{"@context":"https:\/\/schema.org","@graph":[{"@type":"WebPage","@id":"https:\/\/ek.com.tr\/en\/logo-design\/","url":"https:\/\/ek.com.tr\/en\/logo-design\/","name":"Logo Tasar\u0131m\u0131 | EK Dizayn","isPartOf":{"@id":"https:\/\/ek.com.tr\/#website"},"primaryImageOfPage":{"@id":"https:\/\/ek.com.tr\/en\/logo-design\/#primaryimage"},"image":{"@id":"https:\/\/ek.com.tr\/en\/logo-design\/#primaryimage"},"thumbnailUrl":"https:\/\/ek.com.tr\/wp-content\/uploads\/ek-reklam-ajansi-kreatif-logo-tasarim-hizmeti.jpg","datePublished":"2022-03-15T15:54:15+00:00","dateModified":"2022-03-17T09:08:46+00:00","description":"Profesyonel logo tasar\u0131m\u0131 hizmeti ile ki\u015fi, kurum yada markay\u0131 en iyi ve en do\u011fru \u015fekilde temsil edecek simgeler tasarlar\u0131z.","breadcrumb":{"@id":"https:\/\/ek.com.tr\/en\/logo-design\/#breadcrumb"},"inLanguage":"en-US","potentialAction":[{"@type":"ReadAction","target":["https:\/\/ek.com.tr\/en\/logo-design\/"]}]},{"@type":"ImageObject","inLanguage":"en-US","@id":"https:\/\/ek.com.tr\/en\/logo-design\/#primaryimage","url":"https:\/\/ek.com.tr\/wp-content\/uploads\/ek-reklam-ajansi-kreatif-logo-tasarim-hizmeti.jpg","contentUrl":"https:\/\/ek.com.tr\/wp-content\/uploads\/ek-reklam-ajansi-kreatif-logo-tasarim-hizmeti.jpg"},{"@type":"BreadcrumbList","@id":"https:\/\/ek.com.tr\/en\/logo-design\/#breadcrumb","itemListElement":[{"@type":"ListItem","position":1,"name":"Ana Sayfa","item":"https:\/\/ek.com.tr\/"},{"@type":"ListItem","position":2,"name":"Logo Design"}]},{"@type":"WebSite","@id":"https:\/\/ek.com.tr\/#website","url":"https:\/\/ek.com.tr\/","name":"EK Dizayn","description":"","publisher":{"@id":"https:\/\/ek.com.tr\/#organization"},"potentialAction":[{"@type":"SearchAction","target":{"@type":"EntryPoint","urlTemplate":"https:\/\/ek.com.tr\/?s={search_term_string}"},"query-input":{"@type":"PropertyValueSpecification","valueRequired":true,"valueName":"search_term_string"}}],"inLanguage":"en-US"},{"@type":"Organization","@id":"https:\/\/ek.com.tr\/#organization","name":"Ek Dizayn","url":"https:\/\/ek.com.tr\/","logo":{"@type":"ImageObject","inLanguage":"en-US","@id":"https:\/\/ek.com.tr\/#\/schema\/logo\/image\/","url":"https:\/\/ek.com.tr\/wp-content\/uploads\/ek-dizayn-reklam-ajansi-retina-logo.png","contentUrl":"https:\/\/ek.com.tr\/wp-content\/uploads\/ek-dizayn-reklam-ajansi-retina-logo.png","width":512,"height":662,"caption":"Ek Dizayn"},"image":{"@id":"https:\/\/ek.com.tr\/#\/schema\/logo\/image\/"},"sameAs":["https:\/\/www.facebook.com\/ekdizayn\/","https:\/\/www.instagram.com\/ekdizayn\/","https:\/\/www.youtube.com\/channel\/UCn6O5hdt59FxblKmjjqeMFQ"]}]}},"_links":{"self":[{"href":"https:\/\/ek.com.tr\/en\/wp-json\/wp\/v2\/pages\/1076","targetHints":{"allow":["GET"]}}],"collection":[{"href":"https:\/\/ek.com.tr\/en\/wp-json\/wp\/v2\/pages"}],"about":[{"href":"https:\/\/ek.com.tr\/en\/wp-json\/wp\/v2\/types\/page"}],"author":[{"embeddable":true,"href":"https:\/\/ek.com.tr\/en\/wp-json\/wp\/v2\/users\/1"}],"replies":[{"embeddable":true,"href":"https:\/\/ek.com.tr\/en\/wp-json\/wp\/v2\/comments?post=1076"}],"version-history":[{"count":0,"href":"https:\/\/ek.com.tr\/en\/wp-json\/wp\/v2\/pages\/1076\/revisions"}],"wp:attachment":[{"href":"https:\/\/ek.com.tr\/en\/wp-json\/wp\/v2\/media?parent=1076"}],"curies":[{"name":"wp","href":"https:\/\/api.w.org\/{rel}","templated":true}]}}