{"id":1057,"date":"2022-03-15T15:24:43","date_gmt":"2022-03-15T15:24:43","guid":{"rendered":"https:\/\/ek.com.tr\/acik-hava-reklamcilik\/"},"modified":"2022-03-17T11:58:06","modified_gmt":"2022-03-17T11:58:06","slug":"open-air-advertising","status":"publish","type":"page","link":"https:\/\/ek.com.tr\/en\/open-air-advertising\/","title":{"rendered":"Open Air Advertising"},"content":{"rendered":"\n<p>A\u00e7\u0131k Hava Reklamc\u0131l\u0131k<br>icon<br><br>Ke\u015fif<br>h4<br>Tabela tasar\u0131m\u0131 yapt\u0131lmadan \u00f6nce uygulanacak olan yerin, mekan\u0131n \u00f6nceden g\u00f6r\u00fclmesi, Ke\u015fiflendirilmesi ve nas\u0131l bir \u00e7al\u0131\u015fma istedi\u011finizle ilgili bir plan \u00e7\u0131kar\u0131lmas\u0131 gerekir.<br>icon-search-line<br>top<br><br>Tasar\u0131m<br>h4<br>Ald\u0131\u011f\u0131m\u0131z \u00d6l\u00e7\u00fcler ve verdi\u011finiz doneler ile yap\u0131lacak i\u015fin nas\u0131l g\u00f6r\u00fcnece\u011fi bilgisayar ortam\u0131nda haz\u0131rlan\u0131r. B\u00f6ylelikle k\u00f6t\u00fc s\u00fcprizlere maruz kalmazs\u0131n\u0131z.<br>icon-desktop-line<br>top<br><br>\u00dcretim<br>h4<br>Be\u011fenilen tasar\u0131m\u0131n\u0131z profesyonel imalat ekibi ve geni\u015f makine parkuru ile en k\u0131sa s\u00fcrede \u00fcretilir ve montaja haz\u0131r hale getirilir.<br>icon-cog-line<br>top<br><br>Montaj<br>h4<br>\u00d6nceden planlanan s\u00fcrede montaja gelinir. Tecr\u00fcbeli montaj ekibimiz taraf\u0131ndan uygulan\u0131r ve teslimat\u0131 yap\u0131l\u0131r.<br>icon-tools<br>top<br><br><\/p>\n","protected":false},"excerpt":{"rendered":"<p>A\u00e7\u0131k Hava Reklamc\u0131l\u0131kicon Ke\u015fifh4Tabela tasar\u0131m\u0131 yapt\u0131lmadan \u00f6nce uygulanacak olan yerin, mekan\u0131n \u00f6nceden g\u00f6r\u00fclmesi, Ke\u015fiflendirilmesi ve nas\u0131l bir \u00e7al\u0131\u015fma istedi\u011finizle ilgili bir plan \u00e7\u0131kar\u0131lmas\u0131 gerekir.icon-search-linetop Tasar\u0131mh4Ald\u0131\u011f\u0131m\u0131z \u00d6l\u00e7\u00fcler<span class=\"excerpt-hellip\"> [\u2026]<\/span><\/p>\n","protected":false},"author":1,"featured_media":0,"parent":0,"menu_order":0,"comment_status":"closed","ping_status":"closed","template":"","meta":{"footnotes":""},"class_list":["post-1057","page","type-page","status-publish","hentry"],"yoast_head":"<!-- This site is optimized with the Yoast SEO Premium plugin v25.2 (Yoast SEO v27.4) - https:\/\/yoast.com\/product\/yoast-seo-premium-wordpress\/ -->\n<title>EK Dizayn | A\u00e7\u0131k Hava Reklamc\u0131l\u0131k<\/title>\n<meta name=\"description\" content=\"A\u00e7\u0131k Hava Reklamc\u0131l\u0131k | Tabela, Dijital Bask\u0131, Cephe giydirme i\u015flemlerinize profesyonel yakla\u015f\u0131m sa\u011flay\u0131p 3d render hizmeti sunar\u0131z.\" \/>\n<meta name=\"robots\" content=\"index, follow, max-snippet:-1, max-image-preview:large, max-video-preview:-1\" \/>\n<link rel=\"canonical\" href=\"https:\/\/ek.com.tr\/en\/open-air-advertising\/\" \/>\n<meta property=\"og:locale\" content=\"en_US\" \/>\n<meta property=\"og:type\" content=\"article\" \/>\n<meta property=\"og:title\" content=\"Open Air Advertising\" \/>\n<meta property=\"og:description\" content=\"A\u00e7\u0131k Hava Reklamc\u0131l\u0131k | Tabela, Dijital Bask\u0131, Cephe giydirme i\u015flemlerinize profesyonel yakla\u015f\u0131m sa\u011flay\u0131p 3d render hizmeti sunar\u0131z.\" \/>\n<meta property=\"og:url\" content=\"https:\/\/ek.com.tr\/en\/open-air-advertising\/\" \/>\n<meta property=\"og:site_name\" content=\"EK Dizayn\" \/>\n<meta property=\"article:publisher\" content=\"https:\/\/www.facebook.com\/ekdizayn\/\" \/>\n<meta property=\"article:modified_time\" content=\"2022-03-17T11:58:06+00:00\" \/>\n<meta name=\"twitter:card\" content=\"summary_large_image\" \/>\n<meta name=\"twitter:label1\" content=\"Est. reading time\" \/>\n\t<meta name=\"twitter:data1\" content=\"1 minute\" \/>\n<script type=\"application\/ld+json\" class=\"yoast-schema-graph\">{\"@context\":\"https:\\\/\\\/schema.org\",\"@graph\":[{\"@type\":\"WebPage\",\"@id\":\"https:\\\/\\\/ek.com.tr\\\/en\\\/open-air-advertising\\\/\",\"url\":\"https:\\\/\\\/ek.com.tr\\\/en\\\/open-air-advertising\\\/\",\"name\":\"EK Dizayn | A\u00e7\u0131k Hava Reklamc\u0131l\u0131k\",\"isPartOf\":{\"@id\":\"https:\\\/\\\/ek.com.tr\\\/#website\"},\"datePublished\":\"2022-03-15T15:24:43+00:00\",\"dateModified\":\"2022-03-17T11:58:06+00:00\",\"description\":\"A\u00e7\u0131k Hava Reklamc\u0131l\u0131k | Tabela, Dijital Bask\u0131, Cephe giydirme i\u015flemlerinize profesyonel yakla\u015f\u0131m sa\u011flay\u0131p 3d render hizmeti sunar\u0131z.\",\"breadcrumb\":{\"@id\":\"https:\\\/\\\/ek.com.tr\\\/en\\\/open-air-advertising\\\/#breadcrumb\"},\"inLanguage\":\"en-US\",\"potentialAction\":[{\"@type\":\"ReadAction\",\"target\":[\"https:\\\/\\\/ek.com.tr\\\/en\\\/open-air-advertising\\\/\"]}]},{\"@type\":\"BreadcrumbList\",\"@id\":\"https:\\\/\\\/ek.com.tr\\\/en\\\/open-air-advertising\\\/#breadcrumb\",\"itemListElement\":[{\"@type\":\"ListItem\",\"position\":1,\"name\":\"Ana Sayfa\",\"item\":\"https:\\\/\\\/ek.com.tr\\\/\"},{\"@type\":\"ListItem\",\"position\":2,\"name\":\"Open Air Advertising\"}]},{\"@type\":\"WebSite\",\"@id\":\"https:\\\/\\\/ek.com.tr\\\/#website\",\"url\":\"https:\\\/\\\/ek.com.tr\\\/\",\"name\":\"EK Dizayn\",\"description\":\"\",\"publisher\":{\"@id\":\"https:\\\/\\\/ek.com.tr\\\/#organization\"},\"potentialAction\":[{\"@type\":\"SearchAction\",\"target\":{\"@type\":\"EntryPoint\",\"urlTemplate\":\"https:\\\/\\\/ek.com.tr\\\/?s={search_term_string}\"},\"query-input\":{\"@type\":\"PropertyValueSpecification\",\"valueRequired\":true,\"valueName\":\"search_term_string\"}}],\"inLanguage\":\"en-US\"},{\"@type\":\"Organization\",\"@id\":\"https:\\\/\\\/ek.com.tr\\\/#organization\",\"name\":\"Ek Dizayn\",\"url\":\"https:\\\/\\\/ek.com.tr\\\/\",\"logo\":{\"@type\":\"ImageObject\",\"inLanguage\":\"en-US\",\"@id\":\"https:\\\/\\\/ek.com.tr\\\/#\\\/schema\\\/logo\\\/image\\\/\",\"url\":\"https:\\\/\\\/ek.com.tr\\\/wp-content\\\/uploads\\\/ek-dizayn-reklam-ajansi-retina-logo.png\",\"contentUrl\":\"https:\\\/\\\/ek.com.tr\\\/wp-content\\\/uploads\\\/ek-dizayn-reklam-ajansi-retina-logo.png\",\"width\":512,\"height\":662,\"caption\":\"Ek Dizayn\"},\"image\":{\"@id\":\"https:\\\/\\\/ek.com.tr\\\/#\\\/schema\\\/logo\\\/image\\\/\"},\"sameAs\":[\"https:\\\/\\\/www.facebook.com\\\/ekdizayn\\\/\",\"https:\\\/\\\/www.instagram.com\\\/ekdizayn\\\/\",\"https:\\\/\\\/www.youtube.com\\\/channel\\\/UCn6O5hdt59FxblKmjjqeMFQ\"]}]}<\/script>\n<!-- \/ Yoast SEO Premium plugin. -->","yoast_head_json":{"title":"EK Dizayn | A\u00e7\u0131k Hava Reklamc\u0131l\u0131k","description":"A\u00e7\u0131k Hava Reklamc\u0131l\u0131k | Tabela, Dijital Bask\u0131, Cephe giydirme i\u015flemlerinize profesyonel yakla\u015f\u0131m sa\u011flay\u0131p 3d render hizmeti sunar\u0131z.","robots":{"index":"index","follow":"follow","max-snippet":"max-snippet:-1","max-image-preview":"max-image-preview:large","max-video-preview":"max-video-preview:-1"},"canonical":"https:\/\/ek.com.tr\/en\/open-air-advertising\/","og_locale":"en_US","og_type":"article","og_title":"Open Air Advertising","og_description":"A\u00e7\u0131k Hava Reklamc\u0131l\u0131k | Tabela, Dijital Bask\u0131, Cephe giydirme i\u015flemlerinize profesyonel yakla\u015f\u0131m sa\u011flay\u0131p 3d render hizmeti sunar\u0131z.","og_url":"https:\/\/ek.com.tr\/en\/open-air-advertising\/","og_site_name":"EK Dizayn","article_publisher":"https:\/\/www.facebook.com\/ekdizayn\/","article_modified_time":"2022-03-17T11:58:06+00:00","twitter_card":"summary_large_image","twitter_misc":{"Est. reading time":"1 minute"},"schema":{"@context":"https:\/\/schema.org","@graph":[{"@type":"WebPage","@id":"https:\/\/ek.com.tr\/en\/open-air-advertising\/","url":"https:\/\/ek.com.tr\/en\/open-air-advertising\/","name":"EK Dizayn | A\u00e7\u0131k Hava Reklamc\u0131l\u0131k","isPartOf":{"@id":"https:\/\/ek.com.tr\/#website"},"datePublished":"2022-03-15T15:24:43+00:00","dateModified":"2022-03-17T11:58:06+00:00","description":"A\u00e7\u0131k Hava Reklamc\u0131l\u0131k | Tabela, Dijital Bask\u0131, Cephe giydirme i\u015flemlerinize profesyonel yakla\u015f\u0131m sa\u011flay\u0131p 3d render hizmeti sunar\u0131z.","breadcrumb":{"@id":"https:\/\/ek.com.tr\/en\/open-air-advertising\/#breadcrumb"},"inLanguage":"en-US","potentialAction":[{"@type":"ReadAction","target":["https:\/\/ek.com.tr\/en\/open-air-advertising\/"]}]},{"@type":"BreadcrumbList","@id":"https:\/\/ek.com.tr\/en\/open-air-advertising\/#breadcrumb","itemListElement":[{"@type":"ListItem","position":1,"name":"Ana Sayfa","item":"https:\/\/ek.com.tr\/"},{"@type":"ListItem","position":2,"name":"Open Air Advertising"}]},{"@type":"WebSite","@id":"https:\/\/ek.com.tr\/#website","url":"https:\/\/ek.com.tr\/","name":"EK Dizayn","description":"","publisher":{"@id":"https:\/\/ek.com.tr\/#organization"},"potentialAction":[{"@type":"SearchAction","target":{"@type":"EntryPoint","urlTemplate":"https:\/\/ek.com.tr\/?s={search_term_string}"},"query-input":{"@type":"PropertyValueSpecification","valueRequired":true,"valueName":"search_term_string"}}],"inLanguage":"en-US"},{"@type":"Organization","@id":"https:\/\/ek.com.tr\/#organization","name":"Ek Dizayn","url":"https:\/\/ek.com.tr\/","logo":{"@type":"ImageObject","inLanguage":"en-US","@id":"https:\/\/ek.com.tr\/#\/schema\/logo\/image\/","url":"https:\/\/ek.com.tr\/wp-content\/uploads\/ek-dizayn-reklam-ajansi-retina-logo.png","contentUrl":"https:\/\/ek.com.tr\/wp-content\/uploads\/ek-dizayn-reklam-ajansi-retina-logo.png","width":512,"height":662,"caption":"Ek Dizayn"},"image":{"@id":"https:\/\/ek.com.tr\/#\/schema\/logo\/image\/"},"sameAs":["https:\/\/www.facebook.com\/ekdizayn\/","https:\/\/www.instagram.com\/ekdizayn\/","https:\/\/www.youtube.com\/channel\/UCn6O5hdt59FxblKmjjqeMFQ"]}]}},"_links":{"self":[{"href":"https:\/\/ek.com.tr\/en\/wp-json\/wp\/v2\/pages\/1057","targetHints":{"allow":["GET"]}}],"collection":[{"href":"https:\/\/ek.com.tr\/en\/wp-json\/wp\/v2\/pages"}],"about":[{"href":"https:\/\/ek.com.tr\/en\/wp-json\/wp\/v2\/types\/page"}],"author":[{"embeddable":true,"href":"https:\/\/ek.com.tr\/en\/wp-json\/wp\/v2\/users\/1"}],"replies":[{"embeddable":true,"href":"https:\/\/ek.com.tr\/en\/wp-json\/wp\/v2\/comments?post=1057"}],"version-history":[{"count":0,"href":"https:\/\/ek.com.tr\/en\/wp-json\/wp\/v2\/pages\/1057\/revisions"}],"wp:attachment":[{"href":"https:\/\/ek.com.tr\/en\/wp-json\/wp\/v2\/media?parent=1057"}],"curies":[{"name":"wp","href":"https:\/\/api.w.org\/{rel}","templated":true}]}}